{"id":12170,"date":"2019-09-27T12:05:54","date_gmt":"2019-09-27T10:05:54","guid":{"rendered":"https:\/\/polifoam2023.usernet.hu\/vallalatunk\/about-us\/"},"modified":"2024-04-12T14:04:54","modified_gmt":"2024-04-12T12:04:54","slug":"rolunk","status":"publish","type":"page","link":"https:\/\/polifoam.com\/hu\/polifoam\/rolunk\/","title":{"rendered":"R\u00f3lunk"},"content":{"rendered":"\n<p><strong>Polifoam: N\u00e9gy \u00e9vtizedes tapasztalat a habgy\u00e1rt\u00e1s ter\u00fclet\u00e9n<\/strong><\/p>\n\n\n\n<p>Az 1984-ben els\u0151 jap\u00e1n-magyar vegyesv\u00e1llalatk\u00e9nt l\u00e9trej\u00f6tt, \u00e9s az\u00f3ta is sikeresen m\u0171k\u00f6d\u0151 Polifoam Kft. \u2013 amely jelenleg a jap\u00e1n tulajdonban l\u00e9v\u0151 Trocellen Csoport tagja \u2013 a k\u00f6z\u00e9p-kelet-eur\u00f3pai t\u00e9rs\u00e9g legnagyobb m\u00falttal rendelkez\u0151, k\u00e9miailag t\u00e9rh\u00e1l\u00f3s\u00edtott polietil\u00e9n hab gy\u00e1rt\u00f3ja.<\/p>\n\n\n\n<p><strong>Sz\u00e9lesk\u00f6r\u0171 alkalmaz\u00e1s az \u00e9let minden ter\u00fclet\u00e9n<\/strong><\/p>\n\n\n\n<p>Term\u00e9keink k\u00fcl\u00f6nb\u00f6z\u0151 \u00e1gazatokban kiemelked\u0151 tulajdons\u00e1gaik miatt sz\u00e9les k\u00f6rben elismertek, a tart\u00f3ss\u00e1g, megb\u00edzhat\u00f3s\u00e1g \u00e9s k\u00f6lts\u00e9ghat\u00e9konys\u00e1g ter\u00e9n k\u00fcl\u00f6n\u00f6sen kiemelked\u0151 teljes\u00edtm\u00e9nyt ny\u00fajtva.<\/p>\n\n\n\n<p><strong>A megold\u00e1sainkat az al\u00e1bbi k\u00f6z\u00f6s von\u00e1sok jellemzik:<\/strong><\/p>\n\n\n\n<ul class=\"wp-block-list\">\n<li>Id\u0151t\u00e1ll\u00f3 technol\u00f3gia<\/li>\n\n\n\n<li>Pehelyk\u00f6nny\u0171 habmegold\u00e1sok<\/li>\n\n\n\n<li>K\u00f6rnyezetbar\u00e1t elj\u00e1r\u00e1sok \u00e9s anyagok<\/li>\n\n\n\n<li>Kompromisszummentes min\u0151s\u00e9g<\/li>\n<\/ul>\n\n\n\n<p><strong>Innovat\u00edv anyagok \u00e9s technik\u00e1k<\/strong><\/p>\n\n\n\n<p>A habgy\u00e1rt\u00e1son fel\u00fcl rendelkez\u00e9s\u00fcnkre \u00e1ll sz\u00e1mos konverzi\u00f3s technol\u00f3gia, amellyel tov\u00e1bb tudjuk n\u00f6velni hab-term\u00e9keink hozz\u00e1adott \u00e9rt\u00e9k\u00e9t.<\/p>\n\n\n\n<p>Portf\u00f3li\u00f3nk r\u00e9sz\u00e9t k\u00e9pezi most m\u00e1r az NBR technol\u00f3gia is, melynek el\u0151\u00e1ll\u00edt\u00e1s\u00e1t legmodernebb gy\u00e1rt\u00f3\u00fczem\u00fcnk biztos\u00edtja.<\/p>\n\n\n\n<p>Lamin\u00e1l\u00e1si elj\u00e1r\u00e1saink (forr\u00f3leveg\u0151 bef\u00faj\u00e1sos, l\u00e1ng- vagy infrav\u00f6r\u00f6s lamin\u00e1l\u00e1s) a piaci ig\u00e9nyeknek megfelel\u0151en lehet\u0151v\u00e9 teszik habjaink egy\u00e9b habokkal, filmr\u00e9tegekkel, textilanyagokkal vagy m\u00e1s megmunk\u00e1lt fel\u00fcletekkel val\u00f3 kombin\u00e1l\u00e1s\u00e1t.<\/p>\n\n\n\n<p><strong>Eg\u00e9sz Eur\u00f3p\u00e1t \u00e1t\u00edvel\u0151 h\u00e1l\u00f3zat<\/strong><\/p>\n\n\n\n<p>Term\u00e9keink csaknem 20 eur\u00f3pai orsz\u00e1gban vannak jelen, ami lehet\u0151v\u00e9 teszi sz\u00e1munkra, hogy sz\u00e9lesk\u00f6r\u0171 tapasztalatot gy\u0171jts\u00fcnk \u00e9s szoros kapcsolatokat \u00e9p\u00edts\u00fcnk ki k\u00fcl\u00f6nb\u00f6z\u0151 kult\u00far\u00e1kban \u00e9s ipar\u00e1gakban.<\/p>\n\n\n\n<p>Ez a glob\u00e1lis jelenl\u00e9t\u00fcnk teszi lehet\u0151v\u00e9 sz\u00e1munkra, hogy rugalmasan reag\u00e1ljunk az egyes piacok egyedi ig\u00e9nyeire, \u00e9s folyamatosan fejlessz\u00fck term\u00e9keinket a region\u00e1lis elv\u00e1r\u00e1soknak megfelel\u0151en.<\/p>\n\n\n\n<p><strong>K\u00f6zpontban a fenntarthat\u00f3s\u00e1g<\/strong><\/p>\n\n\n\n<p>Elk\u00f6telezettek vagyunk amellett, hogy a k\u00f6vetkez\u0151 gener\u00e1ci\u00f3k sz\u00e1m\u00e1ra is \u00e9rt\u00e9ket teremts\u00fcnk. Ez\u00e9rt is tartjuk szem el\u0151tt a k\u00f6vetkez\u0151 elveket:<\/p>\n\n\n\n<ul class=\"wp-block-list\">\n<li><strong>Fenntarthat\u00f3 term\u00e9ktervez\u00e9s:<\/strong> A cs\u00f6kkentett CO2-kibocs\u00e1t\u00e1s \u00e9s k\u00f6rnyezetbar\u00e1t tervez\u00e9s el\u0151t\u00e9rbe helyez\u00e9se annak \u00e9rdek\u00e9ben, hogy term\u00e9keink magas szinten megfeleljenek a k\u00f6rnyezetv\u00e9delmi \u00e9s fenntarthat\u00f3s\u00e1gi ir\u00e1nyelveknek.<\/li>\n\n\n\n<li><strong>Hat\u00e9kony gy\u00e1rt\u00e1s:<\/strong> 100%-ban meg\u00fajul\u00f3 villamos energia hasznos\u00edt\u00e1sa a fokozott energiahat\u00e9konys\u00e1g \u00e9rdek\u00e9ben, ami hozz\u00e1j\u00e1rul a k\u00f6rnyezeti terhel\u00e9s cs\u00f6kkent\u00e9s\u00e9hez.<\/li>\n\n\n\n<li><strong>Eg\u00e9szs\u00e9g\u00fcgyi fel\u00fcgyelet<\/strong>: Az \u00e1ltalunk k\u00edn\u00e1lt term\u00e9kek magas szint\u0171 biztons\u00e1g\u00e1nak biztos\u00edt\u00e1sa, szigor\u00fa eg\u00e9szs\u00e9g\u00fcgyi szabv\u00e1nyoknak val\u00f3 megfelel\u00e9ssel.<\/li>\n\n\n\n<li><strong>K\u00f6rforg\u00e1sos gazdas\u00e1g<\/strong>: Bioalap\u00fa \u00e9s \u00fajrahasznos\u00edtott anyagok be\u00e9p\u00edt\u00e9se a term\u00e9keinkbe, az \u00fajrahasznos\u00edt\u00e1s el\u0151seg\u00edt\u00e9se, \u00e9s a hullad\u00e9k minimaliz\u00e1l\u00e1sa az eg\u00e9sz \u00e9letciklusuk sor\u00e1n.<\/li>\n<\/ul>\n","protected":false},"excerpt":{"rendered":"<p>Polifoam: N\u00e9gy \u00e9vtizedes tapasztalat a habgy\u00e1rt\u00e1s ter\u00fclet\u00e9n Az 1984-ben els\u0151 jap\u00e1n-magyar vegyesv\u00e1llalatk\u00e9nt l\u00e9trej\u00f6tt, \u00e9s az\u00f3ta is sikeresen m\u0171k\u00f6d\u0151 Polifoam Kft. \u2013 amely jelenleg a jap\u00e1n tulajdonban l\u00e9v\u0151 Trocellen Csoport tagja \u2013 a k\u00f6z\u00e9p-kelet-eur\u00f3pai t\u00e9rs\u00e9g legnagyobb m\u00falttal rendelkez\u0151, k\u00e9miailag t\u00e9rh\u00e1l\u00f3s\u00edtott polietil\u00e9n hab gy\u00e1rt\u00f3ja. Sz\u00e9lesk\u00f6r\u0171 alkalmaz\u00e1s az \u00e9let minden ter\u00fclet\u00e9n Term\u00e9keink k\u00fcl\u00f6nb\u00f6z\u0151 \u00e1gazatokban kiemelked\u0151 tulajdons\u00e1gaik miatt sz\u00e9les [&hellip;]<\/p>\n","protected":false},"author":1,"featured_media":0,"parent":12168,"menu_order":100,"comment_status":"closed","ping_status":"closed","template":"","meta":{"_acf_changed":false,"footnotes":""},"class_list":["post-12170","page","type-page","status-publish","hentry"],"acf":[],"yoast_head":"<!-- This site is optimized with the Yoast SEO plugin v26.8 - https:\/\/yoast.com\/product\/yoast-seo-wordpress\/ -->\n<title>R\u00f3lunk - Polifoam<\/title>\n<meta name=\"robots\" content=\"index, follow, max-snippet:-1, max-image-preview:large, max-video-preview:-1\" \/>\n<link rel=\"canonical\" href=\"https:\/\/polifoam.com\/hu\/polifoam\/rolunk\/\" \/>\n<meta property=\"og:locale\" content=\"hu_HU\" \/>\n<meta property=\"og:type\" content=\"article\" \/>\n<meta property=\"og:title\" content=\"R\u00f3lunk - Polifoam\" \/>\n<meta property=\"og:description\" content=\"Polifoam: N\u00e9gy \u00e9vtizedes tapasztalat a habgy\u00e1rt\u00e1s ter\u00fclet\u00e9n Az 1984-ben els\u0151 jap\u00e1n-magyar vegyesv\u00e1llalatk\u00e9nt l\u00e9trej\u00f6tt, \u00e9s az\u00f3ta is sikeresen m\u0171k\u00f6d\u0151 Polifoam Kft. \u2013 amely jelenleg a jap\u00e1n tulajdonban l\u00e9v\u0151 Trocellen Csoport tagja \u2013 a k\u00f6z\u00e9p-kelet-eur\u00f3pai t\u00e9rs\u00e9g legnagyobb m\u00falttal rendelkez\u0151, k\u00e9miailag t\u00e9rh\u00e1l\u00f3s\u00edtott polietil\u00e9n hab gy\u00e1rt\u00f3ja. Sz\u00e9lesk\u00f6r\u0171 alkalmaz\u00e1s az \u00e9let minden ter\u00fclet\u00e9n Term\u00e9keink k\u00fcl\u00f6nb\u00f6z\u0151 \u00e1gazatokban kiemelked\u0151 tulajdons\u00e1gaik miatt sz\u00e9les [&hellip;]\" \/>\n<meta property=\"og:url\" content=\"https:\/\/polifoam.com\/hu\/polifoam\/rolunk\/\" \/>\n<meta property=\"og:site_name\" content=\"Polifoam\" \/>\n<meta property=\"article:modified_time\" content=\"2024-04-12T12:04:54+00:00\" \/>\n<meta name=\"twitter:card\" content=\"summary_large_image\" \/>\n<meta name=\"twitter:label1\" content=\"Becs\u00fclt olvas\u00e1si id\u0151\" \/>\n\t<meta name=\"twitter:data1\" content=\"2 perc\" \/>\n<script type=\"application\/ld+json\" class=\"yoast-schema-graph\">{\"@context\":\"https:\/\/schema.org\",\"@graph\":[{\"@type\":\"WebPage\",\"@id\":\"https:\/\/polifoam.com\/hu\/polifoam\/rolunk\/\",\"url\":\"https:\/\/polifoam.com\/hu\/polifoam\/rolunk\/\",\"name\":\"R\u00f3lunk - Polifoam\",\"isPartOf\":{\"@id\":\"https:\/\/polifoam.com\/hu\/#website\"},\"datePublished\":\"2019-09-27T10:05:54+00:00\",\"dateModified\":\"2024-04-12T12:04:54+00:00\",\"breadcrumb\":{\"@id\":\"https:\/\/polifoam.com\/hu\/polifoam\/rolunk\/#breadcrumb\"},\"inLanguage\":\"hu\",\"potentialAction\":[{\"@type\":\"ReadAction\",\"target\":[\"https:\/\/polifoam.com\/hu\/polifoam\/rolunk\/\"]}]},{\"@type\":\"BreadcrumbList\",\"@id\":\"https:\/\/polifoam.com\/hu\/polifoam\/rolunk\/#breadcrumb\",\"itemListElement\":[{\"@type\":\"ListItem\",\"position\":1,\"name\":\"F\u0151oldal\",\"item\":\"https:\/\/polifoam.com\/hu\/homepage-3\/\"},{\"@type\":\"ListItem\",\"position\":2,\"name\":\"Polifoam\",\"item\":\"https:\/\/polifoam.com\/hu\/polifoam\/\"},{\"@type\":\"ListItem\",\"position\":3,\"name\":\"R\u00f3lunk\"}]},{\"@type\":\"WebSite\",\"@id\":\"https:\/\/polifoam.com\/hu\/#website\",\"url\":\"https:\/\/polifoam.com\/hu\/\",\"name\":\"Polifoam\",\"description\":\"\",\"potentialAction\":[{\"@type\":\"SearchAction\",\"target\":{\"@type\":\"EntryPoint\",\"urlTemplate\":\"https:\/\/polifoam.com\/hu\/?s={search_term_string}\"},\"query-input\":{\"@type\":\"PropertyValueSpecification\",\"valueRequired\":true,\"valueName\":\"search_term_string\"}}],\"inLanguage\":\"hu\"}]}<\/script>\n<!-- \/ Yoast SEO plugin. -->","yoast_head_json":{"title":"R\u00f3lunk - Polifoam","robots":{"index":"index","follow":"follow","max-snippet":"max-snippet:-1","max-image-preview":"max-image-preview:large","max-video-preview":"max-video-preview:-1"},"canonical":"https:\/\/polifoam.com\/hu\/polifoam\/rolunk\/","og_locale":"hu_HU","og_type":"article","og_title":"R\u00f3lunk - Polifoam","og_description":"Polifoam: N\u00e9gy \u00e9vtizedes tapasztalat a habgy\u00e1rt\u00e1s ter\u00fclet\u00e9n Az 1984-ben els\u0151 jap\u00e1n-magyar vegyesv\u00e1llalatk\u00e9nt l\u00e9trej\u00f6tt, \u00e9s az\u00f3ta is sikeresen m\u0171k\u00f6d\u0151 Polifoam Kft. \u2013 amely jelenleg a jap\u00e1n tulajdonban l\u00e9v\u0151 Trocellen Csoport tagja \u2013 a k\u00f6z\u00e9p-kelet-eur\u00f3pai t\u00e9rs\u00e9g legnagyobb m\u00falttal rendelkez\u0151, k\u00e9miailag t\u00e9rh\u00e1l\u00f3s\u00edtott polietil\u00e9n hab gy\u00e1rt\u00f3ja. Sz\u00e9lesk\u00f6r\u0171 alkalmaz\u00e1s az \u00e9let minden ter\u00fclet\u00e9n Term\u00e9keink k\u00fcl\u00f6nb\u00f6z\u0151 \u00e1gazatokban kiemelked\u0151 tulajdons\u00e1gaik miatt sz\u00e9les [&hellip;]","og_url":"https:\/\/polifoam.com\/hu\/polifoam\/rolunk\/","og_site_name":"Polifoam","article_modified_time":"2024-04-12T12:04:54+00:00","twitter_card":"summary_large_image","twitter_misc":{"Becs\u00fclt olvas\u00e1si id\u0151":"2 perc"},"schema":{"@context":"https:\/\/schema.org","@graph":[{"@type":"WebPage","@id":"https:\/\/polifoam.com\/hu\/polifoam\/rolunk\/","url":"https:\/\/polifoam.com\/hu\/polifoam\/rolunk\/","name":"R\u00f3lunk - Polifoam","isPartOf":{"@id":"https:\/\/polifoam.com\/hu\/#website"},"datePublished":"2019-09-27T10:05:54+00:00","dateModified":"2024-04-12T12:04:54+00:00","breadcrumb":{"@id":"https:\/\/polifoam.com\/hu\/polifoam\/rolunk\/#breadcrumb"},"inLanguage":"hu","potentialAction":[{"@type":"ReadAction","target":["https:\/\/polifoam.com\/hu\/polifoam\/rolunk\/"]}]},{"@type":"BreadcrumbList","@id":"https:\/\/polifoam.com\/hu\/polifoam\/rolunk\/#breadcrumb","itemListElement":[{"@type":"ListItem","position":1,"name":"F\u0151oldal","item":"https:\/\/polifoam.com\/hu\/homepage-3\/"},{"@type":"ListItem","position":2,"name":"Polifoam","item":"https:\/\/polifoam.com\/hu\/polifoam\/"},{"@type":"ListItem","position":3,"name":"R\u00f3lunk"}]},{"@type":"WebSite","@id":"https:\/\/polifoam.com\/hu\/#website","url":"https:\/\/polifoam.com\/hu\/","name":"Polifoam","description":"","potentialAction":[{"@type":"SearchAction","target":{"@type":"EntryPoint","urlTemplate":"https:\/\/polifoam.com\/hu\/?s={search_term_string}"},"query-input":{"@type":"PropertyValueSpecification","valueRequired":true,"valueName":"search_term_string"}}],"inLanguage":"hu"}]}},"_links":{"self":[{"href":"https:\/\/polifoam.com\/hu\/wp-json\/wp\/v2\/pages\/12170","targetHints":{"allow":["GET"]}}],"collection":[{"href":"https:\/\/polifoam.com\/hu\/wp-json\/wp\/v2\/pages"}],"about":[{"href":"https:\/\/polifoam.com\/hu\/wp-json\/wp\/v2\/types\/page"}],"author":[{"embeddable":true,"href":"https:\/\/polifoam.com\/hu\/wp-json\/wp\/v2\/users\/1"}],"replies":[{"embeddable":true,"href":"https:\/\/polifoam.com\/hu\/wp-json\/wp\/v2\/comments?post=12170"}],"version-history":[{"count":3,"href":"https:\/\/polifoam.com\/hu\/wp-json\/wp\/v2\/pages\/12170\/revisions"}],"predecessor-version":[{"id":12588,"href":"https:\/\/polifoam.com\/hu\/wp-json\/wp\/v2\/pages\/12170\/revisions\/12588"}],"up":[{"embeddable":true,"href":"https:\/\/polifoam.com\/hu\/wp-json\/wp\/v2\/pages\/12168"}],"wp:attachment":[{"href":"https:\/\/polifoam.com\/hu\/wp-json\/wp\/v2\/media?parent=12170"}],"curies":[{"name":"wp","href":"https:\/\/api.w.org\/{rel}","templated":true}]}}