{"id":12182,"date":"2022-06-21T10:08:05","date_gmt":"2022-06-21T08:08:05","guid":{"rendered":"https:\/\/polifoam2023.usernet.hu\/vallalatunk\/sustainability\/"},"modified":"2023-11-28T14:36:48","modified_gmt":"2023-11-28T13:36:48","slug":"fenntarthatosag","status":"publish","type":"page","link":"https:\/\/polifoam.com\/hu\/polifoam\/fenntarthatosag\/","title":{"rendered":"Fenntarthat\u00f3s\u00e1g"},"content":{"rendered":"\n<p>Az elk\u00f6telezetts\u00e9g\u00fcnk a fenntarthat\u00f3s\u00e1g ir\u00e1nt az alapvet\u0151 elveink egyik sarokk\u00f6ve.<\/p>\n\n\n\n<p>Nem csup\u00e1n a gy\u00e1rt\u00e1s folyamatainak optimaliz\u00e1l\u00e1s\u00e1ra \u00e9s k\u00f6rnyezetbar\u00e1t tervez\u00e9sre \u00f6sszpontos\u00edtunk, hanem m\u00e1r a tervez\u00e9s kezdet\u00e9t\u0151l fogva ezen \u00e9rt\u00e9kek ment\u00e9n alak\u00edtjuk ki innovat\u00edv megold\u00e1sainkat.<\/p>\n\n\n\n<p>A tervez\u00e9st\u0151l a megval\u00f3s\u00edt\u00e1sig minden l\u00e9p\u00e9sben azon dolgozunk, hogy k\u00f6rnyezetbar\u00e1t \u00e9s fenntarthat\u00f3 megold\u00e1sokat alkalmazzunk. Gy\u00e1rt\u00f3folyamatainkat \u00fagy optimaliz\u00e1ljuk, hogy cs\u00f6kkents\u00fck a k\u00f6rnyezeti hat\u00e1sokat, visszaszor\u00edtsuk CO2 kibocs\u00e1t\u00e1sunkat \u00e9s minden term\u00e9k\u00fcnk szigor\u00fa fenntarthat\u00f3s\u00e1gi szempontoknak feleljen meg.<\/p>\n\n\n\n<p>Az elektromos energi\u00e1nkat 100%-ban meg\u00fajul\u00f3 forr\u00e1sokb\u00f3l nyerj\u00fck, \u00f6sszehangolva tev\u00e9kenys\u00e9g\u00fcnket a k\u00f6rnyezettudatos gyakorlatokkal.<\/p>\n\n\n\n<p>A fenntarthat\u00f3s\u00e1g fel\u00e9 tett t\u00f6rekv\u00e9s\u00fcnkben akt\u00edvan r\u00e9szt vesz\u00fcnk a k\u00f6rk\u00f6r\u00f6s gazdas\u00e1gban. Term\u00e9ksk\u00e1l\u00e1nk \u00fajrahasznos\u00edtott alapanyagokat haszn\u00e1l, el\u0151seg\u00edtve term\u00e9keink \u00fajrahasznos\u00edt\u00e1s\u00e1t \u00e9s \u00fajrafelhaszn\u00e1l\u00e1s\u00e1t.<\/p>\n\n\n\n<p>Ez a k\u00f6telezetts\u00e9g\u00fcnk nem csup\u00e1n a v\u00e1llalati kult\u00far\u00e1nk r\u00e9sze, hanem az innov\u00e1ci\u00f3 \u00e9s a tudatos tervez\u00e9s alapja is. C\u00e9lunk egy olyan j\u00f6v\u0151 kialak\u00edt\u00e1sa, ahol a fenntarthat\u00f3s\u00e1g \u00e9s a k\u00f6rnyezetv\u00e9delem mindennapos gyakorlatt\u00e1 v\u00e1lik.<\/p>\n","protected":false},"excerpt":{"rendered":"<p>Az elk\u00f6telezetts\u00e9g\u00fcnk a fenntarthat\u00f3s\u00e1g ir\u00e1nt az alapvet\u0151 elveink egyik sarokk\u00f6ve. Nem csup\u00e1n a gy\u00e1rt\u00e1s folyamatainak optimaliz\u00e1l\u00e1s\u00e1ra \u00e9s k\u00f6rnyezetbar\u00e1t tervez\u00e9sre \u00f6sszpontos\u00edtunk, hanem m\u00e1r a tervez\u00e9s kezdet\u00e9t\u0151l fogva ezen \u00e9rt\u00e9kek ment\u00e9n alak\u00edtjuk ki innovat\u00edv megold\u00e1sainkat. A tervez\u00e9st\u0151l a megval\u00f3s\u00edt\u00e1sig minden l\u00e9p\u00e9sben azon dolgozunk, hogy k\u00f6rnyezetbar\u00e1t \u00e9s fenntarthat\u00f3 megold\u00e1sokat alkalmazzunk. Gy\u00e1rt\u00f3folyamatainkat \u00fagy optimaliz\u00e1ljuk, hogy cs\u00f6kkents\u00fck a k\u00f6rnyezeti hat\u00e1sokat, [&hellip;]<\/p>\n","protected":false},"author":1,"featured_media":0,"parent":12168,"menu_order":400,"comment_status":"closed","ping_status":"closed","template":"","meta":{"_acf_changed":false,"footnotes":""},"class_list":["post-12182","page","type-page","status-publish","hentry"],"acf":[],"yoast_head":"<!-- This site is optimized with the Yoast SEO plugin v26.8 - https:\/\/yoast.com\/product\/yoast-seo-wordpress\/ -->\n<title>Fenntarthat\u00f3s\u00e1g - Polifoam<\/title>\n<meta name=\"robots\" content=\"index, follow, max-snippet:-1, max-image-preview:large, max-video-preview:-1\" \/>\n<link rel=\"canonical\" href=\"https:\/\/polifoam.com\/hu\/polifoam\/fenntarthatosag\/\" \/>\n<meta property=\"og:locale\" content=\"hu_HU\" \/>\n<meta property=\"og:type\" content=\"article\" \/>\n<meta property=\"og:title\" content=\"Fenntarthat\u00f3s\u00e1g - Polifoam\" \/>\n<meta property=\"og:description\" content=\"Az elk\u00f6telezetts\u00e9g\u00fcnk a fenntarthat\u00f3s\u00e1g ir\u00e1nt az alapvet\u0151 elveink egyik sarokk\u00f6ve. Nem csup\u00e1n a gy\u00e1rt\u00e1s folyamatainak optimaliz\u00e1l\u00e1s\u00e1ra \u00e9s k\u00f6rnyezetbar\u00e1t tervez\u00e9sre \u00f6sszpontos\u00edtunk, hanem m\u00e1r a tervez\u00e9s kezdet\u00e9t\u0151l fogva ezen \u00e9rt\u00e9kek ment\u00e9n alak\u00edtjuk ki innovat\u00edv megold\u00e1sainkat. A tervez\u00e9st\u0151l a megval\u00f3s\u00edt\u00e1sig minden l\u00e9p\u00e9sben azon dolgozunk, hogy k\u00f6rnyezetbar\u00e1t \u00e9s fenntarthat\u00f3 megold\u00e1sokat alkalmazzunk. Gy\u00e1rt\u00f3folyamatainkat \u00fagy optimaliz\u00e1ljuk, hogy cs\u00f6kkents\u00fck a k\u00f6rnyezeti hat\u00e1sokat, [&hellip;]\" \/>\n<meta property=\"og:url\" content=\"https:\/\/polifoam.com\/hu\/polifoam\/fenntarthatosag\/\" \/>\n<meta property=\"og:site_name\" content=\"Polifoam\" \/>\n<meta property=\"article:modified_time\" content=\"2023-11-28T13:36:48+00:00\" \/>\n<meta name=\"twitter:card\" content=\"summary_large_image\" \/>\n<meta name=\"twitter:label1\" content=\"Becs\u00fclt olvas\u00e1si id\u0151\" \/>\n\t<meta name=\"twitter:data1\" content=\"1 perc\" \/>\n<script type=\"application\/ld+json\" class=\"yoast-schema-graph\">{\"@context\":\"https:\/\/schema.org\",\"@graph\":[{\"@type\":\"WebPage\",\"@id\":\"https:\/\/polifoam.com\/hu\/polifoam\/fenntarthatosag\/\",\"url\":\"https:\/\/polifoam.com\/hu\/polifoam\/fenntarthatosag\/\",\"name\":\"Fenntarthat\u00f3s\u00e1g - Polifoam\",\"isPartOf\":{\"@id\":\"https:\/\/polifoam.com\/hu\/#website\"},\"datePublished\":\"2022-06-21T08:08:05+00:00\",\"dateModified\":\"2023-11-28T13:36:48+00:00\",\"breadcrumb\":{\"@id\":\"https:\/\/polifoam.com\/hu\/polifoam\/fenntarthatosag\/#breadcrumb\"},\"inLanguage\":\"hu\",\"potentialAction\":[{\"@type\":\"ReadAction\",\"target\":[\"https:\/\/polifoam.com\/hu\/polifoam\/fenntarthatosag\/\"]}]},{\"@type\":\"BreadcrumbList\",\"@id\":\"https:\/\/polifoam.com\/hu\/polifoam\/fenntarthatosag\/#breadcrumb\",\"itemListElement\":[{\"@type\":\"ListItem\",\"position\":1,\"name\":\"F\u0151oldal\",\"item\":\"https:\/\/polifoam.com\/hu\/homepage-3\/\"},{\"@type\":\"ListItem\",\"position\":2,\"name\":\"Polifoam\",\"item\":\"https:\/\/polifoam.com\/hu\/polifoam\/\"},{\"@type\":\"ListItem\",\"position\":3,\"name\":\"Fenntarthat\u00f3s\u00e1g\"}]},{\"@type\":\"WebSite\",\"@id\":\"https:\/\/polifoam.com\/hu\/#website\",\"url\":\"https:\/\/polifoam.com\/hu\/\",\"name\":\"Polifoam\",\"description\":\"\",\"potentialAction\":[{\"@type\":\"SearchAction\",\"target\":{\"@type\":\"EntryPoint\",\"urlTemplate\":\"https:\/\/polifoam.com\/hu\/?s={search_term_string}\"},\"query-input\":{\"@type\":\"PropertyValueSpecification\",\"valueRequired\":true,\"valueName\":\"search_term_string\"}}],\"inLanguage\":\"hu\"}]}<\/script>\n<!-- \/ Yoast SEO plugin. -->","yoast_head_json":{"title":"Fenntarthat\u00f3s\u00e1g - Polifoam","robots":{"index":"index","follow":"follow","max-snippet":"max-snippet:-1","max-image-preview":"max-image-preview:large","max-video-preview":"max-video-preview:-1"},"canonical":"https:\/\/polifoam.com\/hu\/polifoam\/fenntarthatosag\/","og_locale":"hu_HU","og_type":"article","og_title":"Fenntarthat\u00f3s\u00e1g - Polifoam","og_description":"Az elk\u00f6telezetts\u00e9g\u00fcnk a fenntarthat\u00f3s\u00e1g ir\u00e1nt az alapvet\u0151 elveink egyik sarokk\u00f6ve. Nem csup\u00e1n a gy\u00e1rt\u00e1s folyamatainak optimaliz\u00e1l\u00e1s\u00e1ra \u00e9s k\u00f6rnyezetbar\u00e1t tervez\u00e9sre \u00f6sszpontos\u00edtunk, hanem m\u00e1r a tervez\u00e9s kezdet\u00e9t\u0151l fogva ezen \u00e9rt\u00e9kek ment\u00e9n alak\u00edtjuk ki innovat\u00edv megold\u00e1sainkat. A tervez\u00e9st\u0151l a megval\u00f3s\u00edt\u00e1sig minden l\u00e9p\u00e9sben azon dolgozunk, hogy k\u00f6rnyezetbar\u00e1t \u00e9s fenntarthat\u00f3 megold\u00e1sokat alkalmazzunk. Gy\u00e1rt\u00f3folyamatainkat \u00fagy optimaliz\u00e1ljuk, hogy cs\u00f6kkents\u00fck a k\u00f6rnyezeti hat\u00e1sokat, [&hellip;]","og_url":"https:\/\/polifoam.com\/hu\/polifoam\/fenntarthatosag\/","og_site_name":"Polifoam","article_modified_time":"2023-11-28T13:36:48+00:00","twitter_card":"summary_large_image","twitter_misc":{"Becs\u00fclt olvas\u00e1si id\u0151":"1 perc"},"schema":{"@context":"https:\/\/schema.org","@graph":[{"@type":"WebPage","@id":"https:\/\/polifoam.com\/hu\/polifoam\/fenntarthatosag\/","url":"https:\/\/polifoam.com\/hu\/polifoam\/fenntarthatosag\/","name":"Fenntarthat\u00f3s\u00e1g - Polifoam","isPartOf":{"@id":"https:\/\/polifoam.com\/hu\/#website"},"datePublished":"2022-06-21T08:08:05+00:00","dateModified":"2023-11-28T13:36:48+00:00","breadcrumb":{"@id":"https:\/\/polifoam.com\/hu\/polifoam\/fenntarthatosag\/#breadcrumb"},"inLanguage":"hu","potentialAction":[{"@type":"ReadAction","target":["https:\/\/polifoam.com\/hu\/polifoam\/fenntarthatosag\/"]}]},{"@type":"BreadcrumbList","@id":"https:\/\/polifoam.com\/hu\/polifoam\/fenntarthatosag\/#breadcrumb","itemListElement":[{"@type":"ListItem","position":1,"name":"F\u0151oldal","item":"https:\/\/polifoam.com\/hu\/homepage-3\/"},{"@type":"ListItem","position":2,"name":"Polifoam","item":"https:\/\/polifoam.com\/hu\/polifoam\/"},{"@type":"ListItem","position":3,"name":"Fenntarthat\u00f3s\u00e1g"}]},{"@type":"WebSite","@id":"https:\/\/polifoam.com\/hu\/#website","url":"https:\/\/polifoam.com\/hu\/","name":"Polifoam","description":"","potentialAction":[{"@type":"SearchAction","target":{"@type":"EntryPoint","urlTemplate":"https:\/\/polifoam.com\/hu\/?s={search_term_string}"},"query-input":{"@type":"PropertyValueSpecification","valueRequired":true,"valueName":"search_term_string"}}],"inLanguage":"hu"}]}},"_links":{"self":[{"href":"https:\/\/polifoam.com\/hu\/wp-json\/wp\/v2\/pages\/12182","targetHints":{"allow":["GET"]}}],"collection":[{"href":"https:\/\/polifoam.com\/hu\/wp-json\/wp\/v2\/pages"}],"about":[{"href":"https:\/\/polifoam.com\/hu\/wp-json\/wp\/v2\/types\/page"}],"author":[{"embeddable":true,"href":"https:\/\/polifoam.com\/hu\/wp-json\/wp\/v2\/users\/1"}],"replies":[{"embeddable":true,"href":"https:\/\/polifoam.com\/hu\/wp-json\/wp\/v2\/comments?post=12182"}],"version-history":[{"count":2,"href":"https:\/\/polifoam.com\/hu\/wp-json\/wp\/v2\/pages\/12182\/revisions"}],"predecessor-version":[{"id":12348,"href":"https:\/\/polifoam.com\/hu\/wp-json\/wp\/v2\/pages\/12182\/revisions\/12348"}],"up":[{"embeddable":true,"href":"https:\/\/polifoam.com\/hu\/wp-json\/wp\/v2\/pages\/12168"}],"wp:attachment":[{"href":"https:\/\/polifoam.com\/hu\/wp-json\/wp\/v2\/media?parent=12182"}],"curies":[{"name":"wp","href":"https:\/\/api.w.org\/{rel}","templated":true}]}}