{"id":12184,"date":"2013-11-19T10:38:47","date_gmt":"2013-11-19T09:38:47","guid":{"rendered":"https:\/\/polifoam2023.usernet.hu\/technology\/"},"modified":"2024-04-12T13:59:42","modified_gmt":"2024-04-12T11:59:42","slug":"technologia","status":"publish","type":"page","link":"https:\/\/polifoam.com\/hu\/technologia\/","title":{"rendered":"Technol\u00f3gia"},"content":{"rendered":"\n<p><strong>Forradalmi habtechnol\u00f3gi\u00e1k a j\u00f6v\u0151 kih\u00edv\u00e1saira szabva<\/strong><\/p>\n\n\n\n<p>M\u0171k\u00f6d\u00e9s\u00fcnk k\u00f6zel n\u00e9gy \u00e9vtizede alatt a polietil\u00e9n \u00e9s poliolefin habterm\u00e9kek piac\u00e1nak meghat\u00e1roz\u00f3 szerepl\u0151j\u00e9v\u00e9 v\u00e1ltunk. Modern gy\u00e1rt\u00f3egys\u00e9g\u00fcnk Magyarorsz\u00e1g sz\u00edv\u00e9ben tal\u00e1lhat\u00f3, ahol kiv\u00e1l\u00f3 min\u0151s\u00e9g\u0171, t\u00e9rh\u00e1l\u00f3s\u00edtott poliolefin habb\u00f3l el\u0151\u00e1ll\u00edtott term\u00e9kek el\u0151\u00e1ll\u00edt\u00e1s\u00e1val \u00e9s innovat\u00edv megold\u00e1sok kidolgoz\u00e1s\u00e1val foglalkozunk. Portf\u00f3li\u00f3nk r\u00e9sz\u00e9t k\u00e9pezi most m\u00e1r az NBR technol\u00f3gia is, melynek el\u0151\u00e1ll\u00edt\u00e1s\u00e1t legmodernebb gy\u00e1rt\u00f3\u00fczem\u00fcnk biztos\u00edtja.<\/p>\n","protected":false},"excerpt":{"rendered":"<p>Forradalmi habtechnol\u00f3gi\u00e1k a j\u00f6v\u0151 kih\u00edv\u00e1saira szabva M\u0171k\u00f6d\u00e9s\u00fcnk k\u00f6zel n\u00e9gy \u00e9vtizede alatt a polietil\u00e9n \u00e9s poliolefin habterm\u00e9kek piac\u00e1nak meghat\u00e1roz\u00f3 szerepl\u0151j\u00e9v\u00e9 v\u00e1ltunk. Modern gy\u00e1rt\u00f3egys\u00e9g\u00fcnk Magyarorsz\u00e1g sz\u00edv\u00e9ben tal\u00e1lhat\u00f3, ahol kiv\u00e1l\u00f3 min\u0151s\u00e9g\u0171, t\u00e9rh\u00e1l\u00f3s\u00edtott poliolefin habb\u00f3l el\u0151\u00e1ll\u00edtott term\u00e9kek el\u0151\u00e1ll\u00edt\u00e1s\u00e1val \u00e9s innovat\u00edv megold\u00e1sok kidolgoz\u00e1s\u00e1val foglalkozunk. Portf\u00f3li\u00f3nk r\u00e9sz\u00e9t k\u00e9pezi most m\u00e1r az NBR technol\u00f3gia is, melynek el\u0151\u00e1ll\u00edt\u00e1s\u00e1t legmodernebb gy\u00e1rt\u00f3\u00fczem\u00fcnk biztos\u00edtja.<\/p>\n","protected":false},"author":1,"featured_media":0,"parent":0,"menu_order":300,"comment_status":"open","ping_status":"closed","template":"templates\/technology.php","meta":{"_acf_changed":false,"footnotes":""},"class_list":["post-12184","page","type-page","status-publish","hentry"],"acf":[],"yoast_head":"<!-- This site is optimized with the Yoast SEO plugin v26.8 - https:\/\/yoast.com\/product\/yoast-seo-wordpress\/ -->\n<title>Technol\u00f3gia - Polifoam<\/title>\n<meta name=\"robots\" content=\"index, follow, max-snippet:-1, max-image-preview:large, max-video-preview:-1\" \/>\n<link rel=\"canonical\" href=\"https:\/\/polifoam.com\/hu\/technologia\/\" \/>\n<meta property=\"og:locale\" content=\"hu_HU\" \/>\n<meta property=\"og:type\" content=\"article\" \/>\n<meta property=\"og:title\" content=\"Technol\u00f3gia - Polifoam\" \/>\n<meta property=\"og:description\" content=\"Forradalmi habtechnol\u00f3gi\u00e1k a j\u00f6v\u0151 kih\u00edv\u00e1saira szabva M\u0171k\u00f6d\u00e9s\u00fcnk k\u00f6zel n\u00e9gy \u00e9vtizede alatt a polietil\u00e9n \u00e9s poliolefin habterm\u00e9kek piac\u00e1nak meghat\u00e1roz\u00f3 szerepl\u0151j\u00e9v\u00e9 v\u00e1ltunk. Modern gy\u00e1rt\u00f3egys\u00e9g\u00fcnk Magyarorsz\u00e1g sz\u00edv\u00e9ben tal\u00e1lhat\u00f3, ahol kiv\u00e1l\u00f3 min\u0151s\u00e9g\u0171, t\u00e9rh\u00e1l\u00f3s\u00edtott poliolefin habb\u00f3l el\u0151\u00e1ll\u00edtott term\u00e9kek el\u0151\u00e1ll\u00edt\u00e1s\u00e1val \u00e9s innovat\u00edv megold\u00e1sok kidolgoz\u00e1s\u00e1val foglalkozunk. Portf\u00f3li\u00f3nk r\u00e9sz\u00e9t k\u00e9pezi most m\u00e1r az NBR technol\u00f3gia is, melynek el\u0151\u00e1ll\u00edt\u00e1s\u00e1t legmodernebb gy\u00e1rt\u00f3\u00fczem\u00fcnk biztos\u00edtja.\" \/>\n<meta property=\"og:url\" content=\"https:\/\/polifoam.com\/hu\/technologia\/\" \/>\n<meta property=\"og:site_name\" content=\"Polifoam\" \/>\n<meta property=\"article:modified_time\" content=\"2024-04-12T11:59:42+00:00\" \/>\n<meta name=\"twitter:card\" content=\"summary_large_image\" \/>\n<meta name=\"twitter:label1\" content=\"Becs\u00fclt olvas\u00e1si id\u0151\" \/>\n\t<meta name=\"twitter:data1\" content=\"1 perc\" \/>\n<script type=\"application\/ld+json\" class=\"yoast-schema-graph\">{\"@context\":\"https:\/\/schema.org\",\"@graph\":[{\"@type\":\"WebPage\",\"@id\":\"https:\/\/polifoam.com\/hu\/technologia\/\",\"url\":\"https:\/\/polifoam.com\/hu\/technologia\/\",\"name\":\"Technol\u00f3gia - Polifoam\",\"isPartOf\":{\"@id\":\"https:\/\/polifoam.com\/hu\/#website\"},\"datePublished\":\"2013-11-19T09:38:47+00:00\",\"dateModified\":\"2024-04-12T11:59:42+00:00\",\"breadcrumb\":{\"@id\":\"https:\/\/polifoam.com\/hu\/technologia\/#breadcrumb\"},\"inLanguage\":\"hu\",\"potentialAction\":[{\"@type\":\"ReadAction\",\"target\":[\"https:\/\/polifoam.com\/hu\/technologia\/\"]}]},{\"@type\":\"BreadcrumbList\",\"@id\":\"https:\/\/polifoam.com\/hu\/technologia\/#breadcrumb\",\"itemListElement\":[{\"@type\":\"ListItem\",\"position\":1,\"name\":\"F\u0151oldal\",\"item\":\"https:\/\/polifoam.com\/hu\/homepage-3\/\"},{\"@type\":\"ListItem\",\"position\":2,\"name\":\"Technol\u00f3gia\"}]},{\"@type\":\"WebSite\",\"@id\":\"https:\/\/polifoam.com\/hu\/#website\",\"url\":\"https:\/\/polifoam.com\/hu\/\",\"name\":\"Polifoam\",\"description\":\"\",\"potentialAction\":[{\"@type\":\"SearchAction\",\"target\":{\"@type\":\"EntryPoint\",\"urlTemplate\":\"https:\/\/polifoam.com\/hu\/?s={search_term_string}\"},\"query-input\":{\"@type\":\"PropertyValueSpecification\",\"valueRequired\":true,\"valueName\":\"search_term_string\"}}],\"inLanguage\":\"hu\"}]}<\/script>\n<!-- \/ Yoast SEO plugin. -->","yoast_head_json":{"title":"Technol\u00f3gia - Polifoam","robots":{"index":"index","follow":"follow","max-snippet":"max-snippet:-1","max-image-preview":"max-image-preview:large","max-video-preview":"max-video-preview:-1"},"canonical":"https:\/\/polifoam.com\/hu\/technologia\/","og_locale":"hu_HU","og_type":"article","og_title":"Technol\u00f3gia - Polifoam","og_description":"Forradalmi habtechnol\u00f3gi\u00e1k a j\u00f6v\u0151 kih\u00edv\u00e1saira szabva M\u0171k\u00f6d\u00e9s\u00fcnk k\u00f6zel n\u00e9gy \u00e9vtizede alatt a polietil\u00e9n \u00e9s poliolefin habterm\u00e9kek piac\u00e1nak meghat\u00e1roz\u00f3 szerepl\u0151j\u00e9v\u00e9 v\u00e1ltunk. Modern gy\u00e1rt\u00f3egys\u00e9g\u00fcnk Magyarorsz\u00e1g sz\u00edv\u00e9ben tal\u00e1lhat\u00f3, ahol kiv\u00e1l\u00f3 min\u0151s\u00e9g\u0171, t\u00e9rh\u00e1l\u00f3s\u00edtott poliolefin habb\u00f3l el\u0151\u00e1ll\u00edtott term\u00e9kek el\u0151\u00e1ll\u00edt\u00e1s\u00e1val \u00e9s innovat\u00edv megold\u00e1sok kidolgoz\u00e1s\u00e1val foglalkozunk. Portf\u00f3li\u00f3nk r\u00e9sz\u00e9t k\u00e9pezi most m\u00e1r az NBR technol\u00f3gia is, melynek el\u0151\u00e1ll\u00edt\u00e1s\u00e1t legmodernebb gy\u00e1rt\u00f3\u00fczem\u00fcnk biztos\u00edtja.","og_url":"https:\/\/polifoam.com\/hu\/technologia\/","og_site_name":"Polifoam","article_modified_time":"2024-04-12T11:59:42+00:00","twitter_card":"summary_large_image","twitter_misc":{"Becs\u00fclt olvas\u00e1si id\u0151":"1 perc"},"schema":{"@context":"https:\/\/schema.org","@graph":[{"@type":"WebPage","@id":"https:\/\/polifoam.com\/hu\/technologia\/","url":"https:\/\/polifoam.com\/hu\/technologia\/","name":"Technol\u00f3gia - Polifoam","isPartOf":{"@id":"https:\/\/polifoam.com\/hu\/#website"},"datePublished":"2013-11-19T09:38:47+00:00","dateModified":"2024-04-12T11:59:42+00:00","breadcrumb":{"@id":"https:\/\/polifoam.com\/hu\/technologia\/#breadcrumb"},"inLanguage":"hu","potentialAction":[{"@type":"ReadAction","target":["https:\/\/polifoam.com\/hu\/technologia\/"]}]},{"@type":"BreadcrumbList","@id":"https:\/\/polifoam.com\/hu\/technologia\/#breadcrumb","itemListElement":[{"@type":"ListItem","position":1,"name":"F\u0151oldal","item":"https:\/\/polifoam.com\/hu\/homepage-3\/"},{"@type":"ListItem","position":2,"name":"Technol\u00f3gia"}]},{"@type":"WebSite","@id":"https:\/\/polifoam.com\/hu\/#website","url":"https:\/\/polifoam.com\/hu\/","name":"Polifoam","description":"","potentialAction":[{"@type":"SearchAction","target":{"@type":"EntryPoint","urlTemplate":"https:\/\/polifoam.com\/hu\/?s={search_term_string}"},"query-input":{"@type":"PropertyValueSpecification","valueRequired":true,"valueName":"search_term_string"}}],"inLanguage":"hu"}]}},"_links":{"self":[{"href":"https:\/\/polifoam.com\/hu\/wp-json\/wp\/v2\/pages\/12184","targetHints":{"allow":["GET"]}}],"collection":[{"href":"https:\/\/polifoam.com\/hu\/wp-json\/wp\/v2\/pages"}],"about":[{"href":"https:\/\/polifoam.com\/hu\/wp-json\/wp\/v2\/types\/page"}],"author":[{"embeddable":true,"href":"https:\/\/polifoam.com\/hu\/wp-json\/wp\/v2\/users\/1"}],"replies":[{"embeddable":true,"href":"https:\/\/polifoam.com\/hu\/wp-json\/wp\/v2\/comments?post=12184"}],"version-history":[{"count":7,"href":"https:\/\/polifoam.com\/hu\/wp-json\/wp\/v2\/pages\/12184\/revisions"}],"predecessor-version":[{"id":12584,"href":"https:\/\/polifoam.com\/hu\/wp-json\/wp\/v2\/pages\/12184\/revisions\/12584"}],"wp:attachment":[{"href":"https:\/\/polifoam.com\/hu\/wp-json\/wp\/v2\/media?parent=12184"}],"curies":[{"name":"wp","href":"https:\/\/api.w.org\/{rel}","templated":true}]}}