{"id":12186,"date":"2023-10-09T09:48:52","date_gmt":"2023-10-09T07:48:52","guid":{"rendered":"https:\/\/polifoam2023.usernet.hu\/shop\/"},"modified":"2024-04-04T10:45:59","modified_gmt":"2024-04-04T08:45:59","slug":"mintabolt","status":"publish","type":"page","link":"https:\/\/polifoam.com\/hu\/mintabolt\/","title":{"rendered":"Mintabolt"},"content":{"rendered":"\n<p><strong>Szakszer\u0171en, egyszer\u0171en \u00e9s kis t\u00e9telben.<\/strong><\/p>\n\n\n\n<p>Ez volt az a filoz\u00f3fia, ami k\u00f6zel 30 \u00e9vvel ezel\u0151tt \u00e9letre h\u00edvta a Polifoam Mintaboltot.&nbsp;Polietil\u00e9n hab, azaz polifoam term\u00e9keink n\u00e9pszer\u0171s\u00e9ge az elm\u00falt \u00e9vtizedekben csak n\u00f6vekedett. A hab soksz\u00edn\u0171s\u00e9ge, sokr\u00e9t\u0171 felhaszn\u00e1l\u00e1si lehet\u0151s\u00e9ge megunhatatlan: sportol\u00e1s, szabadid\u0151, otthon, aut\u00f3, kert, szigetel\u00e9s\u2026<\/p>\n\n\n\n<p>Koll\u00e9g\u00e1ink megk\u00f6nny\u00edtik \u00d6nnek a v\u00e1laszt\u00e1st: \u00e9vtizedes tapasztalatuk seg\u00edti \u00d6nt abban, hogy \u00d6n a felhaszn\u00e1l\u00e1si ter\u00fcletnek legink\u00e1bb megfelel\u0151 anyagot v\u00e1laszthassa \u2013 legyen az ak\u00e1r b\u00e1rmilyen tornaforma, aut\u00f3k vagy lak\u00e1sok hangszigetel\u00e9se, vagy gyermekeinek biztons\u00e1ga.<\/p>\n\n\n\n<p><strong>Term\u00e9keink:<\/strong><\/p>\n\n\n\n<p><strong>SPORT \u00c9S SZABADID\u0150<\/strong><br>korl\u00e1tok n\u00e9lk\u00fcl<\/p>\n\n\n\n<p>Hab-alap\u00fa term\u00e9kek bel- \u00e9s k\u00fclt\u00e9ri sportol\u00e1shoz, szabadid\u0151s tev\u00e9kenys\u00e9gekhez<\/p>\n\n\n\n<ul class=\"wp-block-list\">\n<li>Fitness, kemping, sport matracok<\/li>\n\n\n\n<li>\u00dasz\u00e1soktat\u00f3 eszk\u00f6z\u00f6k<\/li>\n\n\n\n<li>\u00dcl\u0151p\u00e1rn\u00e1k<\/li>\n\n\n\n<li>Gyerekeknek j\u00e1tsz\u00f3sz\u0151nyegek \u00e9s vizi j\u00e1t\u00e9kok<\/li>\n<\/ul>\n\n\n\n<p><strong>OTTHON \u00c9S KERT<\/strong><br>k\u00e9nyelem \u00e9s eszt\u00e9tikum<\/p>\n\n\n\n<p>Hasznos term\u00e9kek az otthoni k\u00e9nyelem\u00e9rt:<\/p>\n\n\n\n<ul class=\"wp-block-list\">\n<li>t\u00e9rdepl\u0151-p\u00e1rna<\/li>\n\n\n\n<li>medence-al\u00e1t\u00e9t<\/li>\n\n\n\n<li>Carepad gar\u00e1zsv\u00e9d\u0151<\/li>\n<\/ul>\n\n\n\n<h2 class=\"wp-block-heading\">Kapcsolat<\/h2>\n\n\n\n<p>C\u00edm:<br>1095 Budapest, Soroks\u00e1ri \u00fat 110.<\/p>\n\n\n\n<p>Telefon:<br>+36 1 280 6554<\/p>\n\n\n\n<p>E-mail:<br><a href=\"mailto:mintabolt@trocellen.com\">mintabolt@trocellen.com<\/a><\/p>\n\n\n\n<p>Nyitvatart\u00e1s:<br>H\u00e9tf\u0151: 8:00 \u2013 16:00<br>Kedd: 7:00 \u2013 16:00<br>Szerda: 7:00 \u2013 16:00<br>Cs\u00fct\u00f6rt\u00f6k: 8:00 \u2013 16:00<br>P\u00e9ntek: 8:00 \u2013 14:00<\/p>\n","protected":false},"excerpt":{"rendered":"<p>Szakszer\u0171en, egyszer\u0171en \u00e9s kis t\u00e9telben. Ez volt az a filoz\u00f3fia, ami k\u00f6zel 30 \u00e9vvel ezel\u0151tt \u00e9letre h\u00edvta a Polifoam Mintaboltot.&nbsp;Polietil\u00e9n hab, azaz polifoam term\u00e9keink n\u00e9pszer\u0171s\u00e9ge az elm\u00falt \u00e9vtizedekben csak n\u00f6vekedett. A hab soksz\u00edn\u0171s\u00e9ge, sokr\u00e9t\u0171 felhaszn\u00e1l\u00e1si lehet\u0151s\u00e9ge megunhatatlan: sportol\u00e1s, szabadid\u0151, otthon, aut\u00f3, kert, szigetel\u00e9s\u2026 Koll\u00e9g\u00e1ink megk\u00f6nny\u00edtik \u00d6nnek a v\u00e1laszt\u00e1st: \u00e9vtizedes tapasztalatuk seg\u00edti \u00d6nt abban, hogy \u00d6n [&hellip;]<\/p>\n","protected":false},"author":1,"featured_media":0,"parent":0,"menu_order":400,"comment_status":"closed","ping_status":"closed","template":"","meta":{"_acf_changed":false,"footnotes":""},"class_list":["post-12186","page","type-page","status-publish","hentry"],"acf":[],"yoast_head":"<!-- This site is optimized with the Yoast SEO plugin v26.8 - https:\/\/yoast.com\/product\/yoast-seo-wordpress\/ -->\n<title>Mintabolt - Polifoam<\/title>\n<meta name=\"robots\" content=\"index, follow, max-snippet:-1, max-image-preview:large, max-video-preview:-1\" \/>\n<link rel=\"canonical\" href=\"https:\/\/polifoam.com\/hu\/mintabolt\/\" \/>\n<meta property=\"og:locale\" content=\"hu_HU\" \/>\n<meta property=\"og:type\" content=\"article\" \/>\n<meta property=\"og:title\" content=\"Mintabolt - Polifoam\" \/>\n<meta property=\"og:description\" content=\"Szakszer\u0171en, egyszer\u0171en \u00e9s kis t\u00e9telben. Ez volt az a filoz\u00f3fia, ami k\u00f6zel 30 \u00e9vvel ezel\u0151tt \u00e9letre h\u00edvta a Polifoam Mintaboltot.&nbsp;Polietil\u00e9n hab, azaz polifoam term\u00e9keink n\u00e9pszer\u0171s\u00e9ge az elm\u00falt \u00e9vtizedekben csak n\u00f6vekedett. A hab soksz\u00edn\u0171s\u00e9ge, sokr\u00e9t\u0171 felhaszn\u00e1l\u00e1si lehet\u0151s\u00e9ge megunhatatlan: sportol\u00e1s, szabadid\u0151, otthon, aut\u00f3, kert, szigetel\u00e9s\u2026 Koll\u00e9g\u00e1ink megk\u00f6nny\u00edtik \u00d6nnek a v\u00e1laszt\u00e1st: \u00e9vtizedes tapasztalatuk seg\u00edti \u00d6nt abban, hogy \u00d6n [&hellip;]\" \/>\n<meta property=\"og:url\" content=\"https:\/\/polifoam.com\/hu\/mintabolt\/\" \/>\n<meta property=\"og:site_name\" content=\"Polifoam\" \/>\n<meta property=\"article:modified_time\" content=\"2024-04-04T08:45:59+00:00\" \/>\n<meta name=\"twitter:card\" content=\"summary_large_image\" \/>\n<meta name=\"twitter:label1\" content=\"Becs\u00fclt olvas\u00e1si id\u0151\" \/>\n\t<meta name=\"twitter:data1\" content=\"1 perc\" \/>\n<script type=\"application\/ld+json\" class=\"yoast-schema-graph\">{\"@context\":\"https:\/\/schema.org\",\"@graph\":[{\"@type\":\"WebPage\",\"@id\":\"https:\/\/polifoam.com\/hu\/mintabolt\/\",\"url\":\"https:\/\/polifoam.com\/hu\/mintabolt\/\",\"name\":\"Mintabolt - Polifoam\",\"isPartOf\":{\"@id\":\"https:\/\/polifoam.com\/hu\/#website\"},\"datePublished\":\"2023-10-09T07:48:52+00:00\",\"dateModified\":\"2024-04-04T08:45:59+00:00\",\"breadcrumb\":{\"@id\":\"https:\/\/polifoam.com\/hu\/mintabolt\/#breadcrumb\"},\"inLanguage\":\"hu\",\"potentialAction\":[{\"@type\":\"ReadAction\",\"target\":[\"https:\/\/polifoam.com\/hu\/mintabolt\/\"]}]},{\"@type\":\"BreadcrumbList\",\"@id\":\"https:\/\/polifoam.com\/hu\/mintabolt\/#breadcrumb\",\"itemListElement\":[{\"@type\":\"ListItem\",\"position\":1,\"name\":\"F\u0151oldal\",\"item\":\"https:\/\/polifoam.com\/hu\/homepage-3\/\"},{\"@type\":\"ListItem\",\"position\":2,\"name\":\"Mintabolt\"}]},{\"@type\":\"WebSite\",\"@id\":\"https:\/\/polifoam.com\/hu\/#website\",\"url\":\"https:\/\/polifoam.com\/hu\/\",\"name\":\"Polifoam\",\"description\":\"\",\"potentialAction\":[{\"@type\":\"SearchAction\",\"target\":{\"@type\":\"EntryPoint\",\"urlTemplate\":\"https:\/\/polifoam.com\/hu\/?s={search_term_string}\"},\"query-input\":{\"@type\":\"PropertyValueSpecification\",\"valueRequired\":true,\"valueName\":\"search_term_string\"}}],\"inLanguage\":\"hu\"}]}<\/script>\n<!-- \/ Yoast SEO plugin. -->","yoast_head_json":{"title":"Mintabolt - Polifoam","robots":{"index":"index","follow":"follow","max-snippet":"max-snippet:-1","max-image-preview":"max-image-preview:large","max-video-preview":"max-video-preview:-1"},"canonical":"https:\/\/polifoam.com\/hu\/mintabolt\/","og_locale":"hu_HU","og_type":"article","og_title":"Mintabolt - Polifoam","og_description":"Szakszer\u0171en, egyszer\u0171en \u00e9s kis t\u00e9telben. Ez volt az a filoz\u00f3fia, ami k\u00f6zel 30 \u00e9vvel ezel\u0151tt \u00e9letre h\u00edvta a Polifoam Mintaboltot.&nbsp;Polietil\u00e9n hab, azaz polifoam term\u00e9keink n\u00e9pszer\u0171s\u00e9ge az elm\u00falt \u00e9vtizedekben csak n\u00f6vekedett. A hab soksz\u00edn\u0171s\u00e9ge, sokr\u00e9t\u0171 felhaszn\u00e1l\u00e1si lehet\u0151s\u00e9ge megunhatatlan: sportol\u00e1s, szabadid\u0151, otthon, aut\u00f3, kert, szigetel\u00e9s\u2026 Koll\u00e9g\u00e1ink megk\u00f6nny\u00edtik \u00d6nnek a v\u00e1laszt\u00e1st: \u00e9vtizedes tapasztalatuk seg\u00edti \u00d6nt abban, hogy \u00d6n [&hellip;]","og_url":"https:\/\/polifoam.com\/hu\/mintabolt\/","og_site_name":"Polifoam","article_modified_time":"2024-04-04T08:45:59+00:00","twitter_card":"summary_large_image","twitter_misc":{"Becs\u00fclt olvas\u00e1si id\u0151":"1 perc"},"schema":{"@context":"https:\/\/schema.org","@graph":[{"@type":"WebPage","@id":"https:\/\/polifoam.com\/hu\/mintabolt\/","url":"https:\/\/polifoam.com\/hu\/mintabolt\/","name":"Mintabolt - Polifoam","isPartOf":{"@id":"https:\/\/polifoam.com\/hu\/#website"},"datePublished":"2023-10-09T07:48:52+00:00","dateModified":"2024-04-04T08:45:59+00:00","breadcrumb":{"@id":"https:\/\/polifoam.com\/hu\/mintabolt\/#breadcrumb"},"inLanguage":"hu","potentialAction":[{"@type":"ReadAction","target":["https:\/\/polifoam.com\/hu\/mintabolt\/"]}]},{"@type":"BreadcrumbList","@id":"https:\/\/polifoam.com\/hu\/mintabolt\/#breadcrumb","itemListElement":[{"@type":"ListItem","position":1,"name":"F\u0151oldal","item":"https:\/\/polifoam.com\/hu\/homepage-3\/"},{"@type":"ListItem","position":2,"name":"Mintabolt"}]},{"@type":"WebSite","@id":"https:\/\/polifoam.com\/hu\/#website","url":"https:\/\/polifoam.com\/hu\/","name":"Polifoam","description":"","potentialAction":[{"@type":"SearchAction","target":{"@type":"EntryPoint","urlTemplate":"https:\/\/polifoam.com\/hu\/?s={search_term_string}"},"query-input":{"@type":"PropertyValueSpecification","valueRequired":true,"valueName":"search_term_string"}}],"inLanguage":"hu"}]}},"_links":{"self":[{"href":"https:\/\/polifoam.com\/hu\/wp-json\/wp\/v2\/pages\/12186","targetHints":{"allow":["GET"]}}],"collection":[{"href":"https:\/\/polifoam.com\/hu\/wp-json\/wp\/v2\/pages"}],"about":[{"href":"https:\/\/polifoam.com\/hu\/wp-json\/wp\/v2\/types\/page"}],"author":[{"embeddable":true,"href":"https:\/\/polifoam.com\/hu\/wp-json\/wp\/v2\/users\/1"}],"replies":[{"embeddable":true,"href":"https:\/\/polifoam.com\/hu\/wp-json\/wp\/v2\/comments?post=12186"}],"version-history":[{"count":7,"href":"https:\/\/polifoam.com\/hu\/wp-json\/wp\/v2\/pages\/12186\/revisions"}],"predecessor-version":[{"id":12577,"href":"https:\/\/polifoam.com\/hu\/wp-json\/wp\/v2\/pages\/12186\/revisions\/12577"}],"wp:attachment":[{"href":"https:\/\/polifoam.com\/hu\/wp-json\/wp\/v2\/media?parent=12186"}],"curies":[{"name":"wp","href":"https:\/\/api.w.org\/{rel}","templated":true}]}}