{"id":12188,"date":"2013-12-04T22:07:03","date_gmt":"2013-12-04T21:07:03","guid":{"rendered":"https:\/\/polifoam2023.usernet.hu\/quality-assurance\/"},"modified":"2026-02-09T11:59:32","modified_gmt":"2026-02-09T10:59:32","slug":"minoseg","status":"publish","type":"page","link":"https:\/\/polifoam.com\/hu\/minoseg\/","title":{"rendered":"Min\u0151s\u00e9g"},"content":{"rendered":"\n<p><strong>Min\u0151s\u00e9gbiztos\u00edt\u00e1s<\/strong><\/p>\n\n\n\n<p>Mintegy garanciak\u00e9nt tart\u00f3s \u00e9s kiv\u00e1l\u00f3 teljes\u00edtm\u00e9ny\u0171 term\u00e9keinknek \u00e9s szolg\u00e1ltat\u00e1sainknak, a Polifoam k\u00fcl\u00f6nleges figyelmet ford\u00edt a min\u0151s\u00e9gbiztos\u00edt\u00e1sra. Folyamatosan fel\u00fcgyelj\u00fck \u00e9s jav\u00edtjuk valamennyi gy\u00e1rt\u00e1si, menedzsment \u00e9s vev\u0151szolg\u00e1lati folyamatunkat.<\/p>\n\n\n\n<p>Tev\u00e9kenys\u00e9g\u00fcnk k\u00f6z\u00e9ppontj\u00e1ban \u00d6n \u00e1ll. Az\u00e9rt, hogy biztosak lehess\u00fcnk az \u00d6n elv\u00e1r\u00e1saiban, \u00fcgyf\u00e9l-el\u00e9gedetts\u00e9gi felm\u00e9r\u00e9seket v\u00e9gz\u00fcnk, mik\u00f6zben koll\u00e9g\u00e1inkat \u00e9s partnereinket is arra biztatjuk, hogy ny\u00edlt \u00e9s \u0151szinte p\u00e1rbesz\u00e9det tartsanak fenn egym\u00e1s k\u00f6z\u00f6tt.<\/p>\n\n\n\n<p><strong>K\u00f6rnyezettudatoss\u00e1g<\/strong><\/p>\n\n\n\n<p>C\u00e9lunk olyan term\u00e9kek fejleszt\u00e9se, amelyek k\u00e9nyelmesebb\u00e9 teszik \u00e9let\u00fcnket, mik\u00f6zben seg\u00edtenek meg\u0151rizni term\u00e9szeti er\u0151forr\u00e1sainkat. Polietil\u00e9n habjaink kiv\u00e1l\u00f3 szigetel\u0151 tulajdons\u00e1gaikkal pillek\u00f6nny\u0171 megold\u00e1sokat k\u00edn\u00e1lnak az \u00e9p\u00edt\u0151- \u00e9s j\u00e1rm\u0171ipar sz\u00e1m\u00e1ra. Az \u00e1ltaluk k\u00edn\u00e1lt el\u0151ny\u00f6k seg\u00edtenek lecs\u00f6kkenteni az energiafogyaszt\u00e1st \u00e9s \u00e9p\u00edt\u0151anyag ig\u00e9nyt.<\/p>\n\n\n\n<p><strong>Fenntarthat\u00f3s\u00e1g, hat\u00e9konys\u00e1g, felel\u0151ss\u00e9g.<\/strong><\/p>\n\n\n\n<p>Polietil\u00e9n hab term\u00e9keink tart\u00f3sak \u00e9s megb\u00edzhat\u00f3ak. \u00cdgy biztos\u00edtott, hogy \u00e9p\u00edt\u0151ipari term\u00e9keink h\u0151szigetel\u0151 jellemz\u0151i garant\u00e1ltan hossz\u00fa ideig megmaradnak \u00e9s hatalmas mennyis\u00e9g\u0171 energia megtakar\u00edt\u00e1s\u00e1val hozz\u00e1j\u00e1rulnak er\u0151forr\u00e1saink optim\u00e1lis felhaszn\u00e1l\u00e1s\u00e1hoz.<\/p>\n\n\n\n<p>Sportol\u00e1shoz kifejlesztett term\u00e9keink is tart\u00f3ss\u00e1gukkal, magas komfort-fokozatukkal \u00e9s praktikumukkal v\u00edvtak ki h\u00edrnevet maguknak.<\/p>\n\n\n\n<p>A Polifoam nemcsak szavaiban, hanem tetteiben is elk\u00f6telezte mag\u00e1t a k\u00f6rnyezetv\u00e9delem mellett. Energiahat\u00e9kony gy\u00e1rt\u00e1stechnol\u00f3gi\u00e1nk mellett bevezett\u00fck a polietil\u00e9n hab gy\u00e1rt\u00e1s\u00e1t, konverzi\u00f3j\u00e1t \u00e9s \u00e9rt\u00e9kes\u00edt\u00e9s\u00e9t seg\u00edt\u0151 integr\u00e1lt v\u00e1llalatir\u00e1ny\u00edt\u00e1si rendszer\u00fcnket a folyamatos \u2013 ak\u00e1r napr\u00f3l napra kiharcolt \u2013 el\u0151rel\u00e9p\u00e9s \u00e9rdek\u00e9ben.<\/p>\n\n\n\n<p>Tekintse meg tan\u00fas\u00edtv\u00e1nyainkat \u00e9s kapcsol\u00f3d\u00f3 politik\u00e1inkat:<\/p>\n\n\n\n<p><strong>Min\u0151s\u00e9gir\u00e1ny\u00edt\u00e1s<\/strong><\/p>\n\n\n\n<ul class=\"wp-block-list\">\n<li><a href=\"https:\/\/polifoam.hu\/wp-content\/uploads\/2024\/01\/Polifoam_01_100_1724227_Main_HU.pdf\" target=\"_blank\" rel=\"noreferrer noopener\">ISO 9001:2015 Min\u0151s\u00e9gir\u00e1ny\u00edt\u00e1si rendszer tan\u00fas\u00edtv\u00e1ny<\/a><\/li>\n\n\n\n<li><a href=\"https:\/\/polifoam.hu\/wp-content\/uploads\/2023\/11\/Polifoam_Minosegpolitika.pdf\" target=\"_blank\" rel=\"noreferrer noopener\">Min\u0151s\u00e9gpolitika<\/a><\/li>\n<\/ul>\n\n\n\n<p><strong>Energiair\u00e1ny\u00edt\u00e1s<\/strong><\/p>\n\n\n\n<ul class=\"wp-block-list\">\n<li><a href=\"https:\/\/polifoam.hu\/wp-content\/uploads\/2023\/11\/01_407_1624109_Main_HU.pdf\" target=\"_blank\" rel=\"noreferrer noopener\">ISO 50001:2018 Energiair\u00e1ny\u00edt\u00e1si rendszer tan\u00fas\u00edtv\u00e1ny<\/a><\/li>\n\n\n\n<li><a href=\"https:\/\/polifoam.com\/wp-content\/uploads\/2024\/12\/EIR-5.2_1-Energia-politika-Polifoam-Kft.pdf\" target=\"_blank\" rel=\"noreferrer noopener\">Energia politika<\/a><\/li>\n<\/ul>\n\n\n\n<p><strong>K\u00f6rnyezetir\u00e1ny\u00edt\u00e1s<\/strong><\/p>\n\n\n\n<ul class=\"wp-block-list\">\n<li><a href=\"https:\/\/polifoam.hu\/wp-content\/uploads\/2023\/11\/01_104_1724069_Main_HU.pdf\" target=\"_blank\" rel=\"noreferrer noopener\">ISO 14001:2015 K\u00f6rnyezetk\u00f6zpont\u00fa ir\u00e1ny\u00edt\u00e1si rendszer tan\u00fas\u00edtv\u00e1ny<\/a><\/li>\n\n\n\n<li><a href=\"https:\/\/polifoam.com\/wp-content\/uploads\/2026\/02\/doc00835820260209105136.pdf\" type=\"link\" id=\"https:\/\/polifoam.com\/wp-content\/uploads\/2026\/02\/doc00835820260209105136.pdf\" target=\"_blank\" rel=\"noreferrer noopener\">K\u00f6rnyezeti politika<\/a><\/li>\n\n\n\n<li><a href=\"https:\/\/polifoam.hu\/wp-content\/uploads\/2023\/11\/ISCC-PLUS-Cert-DE100-13733123.pdf\" target=\"_blank\" rel=\"noreferrer noopener\">ISCC Plus Certificate<\/a><\/li>\n<\/ul>\n\n\n\n<p><strong>OEKO-TEX<\/strong><\/p>\n\n\n\n<ul class=\"wp-block-list\">\n<li><a href=\"https:\/\/polifoam.hu\/wp-content\/uploads\/2023\/11\/OKOTEX-STeP-CERTIFICATION-2021.pdf\" target=\"_blank\" rel=\"noreferrer noopener\">OEKO-TEX tan\u00fas\u00edtv\u00e1ny<\/a><\/li>\n<\/ul>\n\n\n\n<p><strong>ENERGETIKAI SZAKREFERENCIA<\/strong><\/p>\n\n\n\n<ul class=\"wp-block-list\">\n<li><a href=\"https:\/\/polifoam.hu\/wp-content\/uploads\/2023\/11\/Polifoam_eves-jelentes_2022.pdf\" target=\"_blank\" rel=\"noreferrer noopener\">Energetikai szakreferens \u2013 \u00c9ves jelent\u00e9s \u2013 2022<\/a><\/li>\n<\/ul>\n\n\n\n<p><strong>Munkav\u00e9delem<\/strong><\/p>\n\n\n\n<ul class=\"wp-block-list\">\n<li><a href=\"https:\/\/polifoam.hu\/wp-content\/uploads\/2023\/11\/01_213_2224077_Main_HU.pdf\" target=\"_blank\" rel=\"noreferrer noopener\">ISO 45001:2018 munkav\u00e9delem<\/a><\/li>\n\n\n\n<li><a href=\"https:\/\/polifoam.hu\/wp-content\/uploads\/2023\/11\/Munkavedelmi-politika-2022_alairt.pdf\" target=\"_blank\" rel=\"noreferrer noopener\">Polifoam Kft. munkav\u00e9delmi politika<\/a><\/li>\n<\/ul>\n\n\n\n<p><strong>\u00c1ltal\u00e1nos Szerz\u0151d\u00e9si Felt\u00e9telek<\/strong><\/p>\n\n\n\n<ul class=\"wp-block-list\">\n<li><a href=\"https:\/\/polifoam.com\/wp-content\/uploads\/2024\/08\/2024-polifoam-aszf-beszallitoi.pdf\" target=\"_blank\" rel=\"noreferrer noopener\">Besz\u00e1ll\u00edt\u00f3i szerz\u0151d\u00e9s<\/a><\/li>\n\n\n\n<li><a href=\"https:\/\/polifoam.com\/wp-content\/uploads\/2024\/08\/2024-polifoam-aszf-vallalkozoi.pdf\" target=\"_blank\" rel=\"noreferrer noopener\">V\u00e1llalkoz\u00f3i szerz\u0151d\u00e9s<\/a><\/li>\n<\/ul>\n","protected":false},"excerpt":{"rendered":"<p>Min\u0151s\u00e9gbiztos\u00edt\u00e1s Mintegy garanciak\u00e9nt tart\u00f3s \u00e9s kiv\u00e1l\u00f3 teljes\u00edtm\u00e9ny\u0171 term\u00e9keinknek \u00e9s szolg\u00e1ltat\u00e1sainknak, a Polifoam k\u00fcl\u00f6nleges figyelmet ford\u00edt a min\u0151s\u00e9gbiztos\u00edt\u00e1sra. Folyamatosan fel\u00fcgyelj\u00fck \u00e9s jav\u00edtjuk valamennyi gy\u00e1rt\u00e1si, menedzsment \u00e9s vev\u0151szolg\u00e1lati folyamatunkat. Tev\u00e9kenys\u00e9g\u00fcnk k\u00f6z\u00e9ppontj\u00e1ban \u00d6n \u00e1ll. Az\u00e9rt, hogy biztosak lehess\u00fcnk az \u00d6n elv\u00e1r\u00e1saiban, \u00fcgyf\u00e9l-el\u00e9gedetts\u00e9gi felm\u00e9r\u00e9seket v\u00e9gz\u00fcnk, mik\u00f6zben koll\u00e9g\u00e1inkat \u00e9s partnereinket is arra biztatjuk, hogy ny\u00edlt \u00e9s \u0151szinte p\u00e1rbesz\u00e9det tartsanak fenn [&hellip;]<\/p>\n","protected":false},"author":1,"featured_media":0,"parent":0,"menu_order":500,"comment_status":"open","ping_status":"closed","template":"","meta":{"_acf_changed":false,"footnotes":""},"class_list":["post-12188","page","type-page","status-publish","hentry"],"acf":[],"yoast_head":"<!-- This site is optimized with the Yoast SEO plugin v26.8 - https:\/\/yoast.com\/product\/yoast-seo-wordpress\/ -->\n<title>Min\u0151s\u00e9g - Polifoam<\/title>\n<meta name=\"robots\" content=\"index, follow, max-snippet:-1, max-image-preview:large, max-video-preview:-1\" \/>\n<link rel=\"canonical\" href=\"https:\/\/polifoam.com\/hu\/minoseg\/\" \/>\n<meta property=\"og:locale\" content=\"hu_HU\" \/>\n<meta property=\"og:type\" content=\"article\" \/>\n<meta property=\"og:title\" content=\"Min\u0151s\u00e9g - Polifoam\" \/>\n<meta property=\"og:description\" content=\"Min\u0151s\u00e9gbiztos\u00edt\u00e1s Mintegy garanciak\u00e9nt tart\u00f3s \u00e9s kiv\u00e1l\u00f3 teljes\u00edtm\u00e9ny\u0171 term\u00e9keinknek \u00e9s szolg\u00e1ltat\u00e1sainknak, a Polifoam k\u00fcl\u00f6nleges figyelmet ford\u00edt a min\u0151s\u00e9gbiztos\u00edt\u00e1sra. Folyamatosan fel\u00fcgyelj\u00fck \u00e9s jav\u00edtjuk valamennyi gy\u00e1rt\u00e1si, menedzsment \u00e9s vev\u0151szolg\u00e1lati folyamatunkat. Tev\u00e9kenys\u00e9g\u00fcnk k\u00f6z\u00e9ppontj\u00e1ban \u00d6n \u00e1ll. Az\u00e9rt, hogy biztosak lehess\u00fcnk az \u00d6n elv\u00e1r\u00e1saiban, \u00fcgyf\u00e9l-el\u00e9gedetts\u00e9gi felm\u00e9r\u00e9seket v\u00e9gz\u00fcnk, mik\u00f6zben koll\u00e9g\u00e1inkat \u00e9s partnereinket is arra biztatjuk, hogy ny\u00edlt \u00e9s \u0151szinte p\u00e1rbesz\u00e9det tartsanak fenn [&hellip;]\" \/>\n<meta property=\"og:url\" content=\"https:\/\/polifoam.com\/hu\/minoseg\/\" \/>\n<meta property=\"og:site_name\" content=\"Polifoam\" \/>\n<meta property=\"article:modified_time\" content=\"2026-02-09T10:59:32+00:00\" \/>\n<meta name=\"twitter:card\" content=\"summary_large_image\" \/>\n<meta name=\"twitter:label1\" content=\"Becs\u00fclt olvas\u00e1si id\u0151\" \/>\n\t<meta name=\"twitter:data1\" content=\"2 perc\" \/>\n<script type=\"application\/ld+json\" class=\"yoast-schema-graph\">{\"@context\":\"https:\/\/schema.org\",\"@graph\":[{\"@type\":\"WebPage\",\"@id\":\"https:\/\/polifoam.com\/hu\/minoseg\/\",\"url\":\"https:\/\/polifoam.com\/hu\/minoseg\/\",\"name\":\"Min\u0151s\u00e9g - Polifoam\",\"isPartOf\":{\"@id\":\"https:\/\/polifoam.com\/hu\/#website\"},\"datePublished\":\"2013-12-04T21:07:03+00:00\",\"dateModified\":\"2026-02-09T10:59:32+00:00\",\"breadcrumb\":{\"@id\":\"https:\/\/polifoam.com\/hu\/minoseg\/#breadcrumb\"},\"inLanguage\":\"hu\",\"potentialAction\":[{\"@type\":\"ReadAction\",\"target\":[\"https:\/\/polifoam.com\/hu\/minoseg\/\"]}]},{\"@type\":\"BreadcrumbList\",\"@id\":\"https:\/\/polifoam.com\/hu\/minoseg\/#breadcrumb\",\"itemListElement\":[{\"@type\":\"ListItem\",\"position\":1,\"name\":\"F\u0151oldal\",\"item\":\"https:\/\/polifoam.com\/hu\/homepage-3\/\"},{\"@type\":\"ListItem\",\"position\":2,\"name\":\"Min\u0151s\u00e9g\"}]},{\"@type\":\"WebSite\",\"@id\":\"https:\/\/polifoam.com\/hu\/#website\",\"url\":\"https:\/\/polifoam.com\/hu\/\",\"name\":\"Polifoam\",\"description\":\"\",\"potentialAction\":[{\"@type\":\"SearchAction\",\"target\":{\"@type\":\"EntryPoint\",\"urlTemplate\":\"https:\/\/polifoam.com\/hu\/?s={search_term_string}\"},\"query-input\":{\"@type\":\"PropertyValueSpecification\",\"valueRequired\":true,\"valueName\":\"search_term_string\"}}],\"inLanguage\":\"hu\"}]}<\/script>\n<!-- \/ Yoast SEO plugin. -->","yoast_head_json":{"title":"Min\u0151s\u00e9g - Polifoam","robots":{"index":"index","follow":"follow","max-snippet":"max-snippet:-1","max-image-preview":"max-image-preview:large","max-video-preview":"max-video-preview:-1"},"canonical":"https:\/\/polifoam.com\/hu\/minoseg\/","og_locale":"hu_HU","og_type":"article","og_title":"Min\u0151s\u00e9g - Polifoam","og_description":"Min\u0151s\u00e9gbiztos\u00edt\u00e1s Mintegy garanciak\u00e9nt tart\u00f3s \u00e9s kiv\u00e1l\u00f3 teljes\u00edtm\u00e9ny\u0171 term\u00e9keinknek \u00e9s szolg\u00e1ltat\u00e1sainknak, a Polifoam k\u00fcl\u00f6nleges figyelmet ford\u00edt a min\u0151s\u00e9gbiztos\u00edt\u00e1sra. Folyamatosan fel\u00fcgyelj\u00fck \u00e9s jav\u00edtjuk valamennyi gy\u00e1rt\u00e1si, menedzsment \u00e9s vev\u0151szolg\u00e1lati folyamatunkat. Tev\u00e9kenys\u00e9g\u00fcnk k\u00f6z\u00e9ppontj\u00e1ban \u00d6n \u00e1ll. Az\u00e9rt, hogy biztosak lehess\u00fcnk az \u00d6n elv\u00e1r\u00e1saiban, \u00fcgyf\u00e9l-el\u00e9gedetts\u00e9gi felm\u00e9r\u00e9seket v\u00e9gz\u00fcnk, mik\u00f6zben koll\u00e9g\u00e1inkat \u00e9s partnereinket is arra biztatjuk, hogy ny\u00edlt \u00e9s \u0151szinte p\u00e1rbesz\u00e9det tartsanak fenn [&hellip;]","og_url":"https:\/\/polifoam.com\/hu\/minoseg\/","og_site_name":"Polifoam","article_modified_time":"2026-02-09T10:59:32+00:00","twitter_card":"summary_large_image","twitter_misc":{"Becs\u00fclt olvas\u00e1si id\u0151":"2 perc"},"schema":{"@context":"https:\/\/schema.org","@graph":[{"@type":"WebPage","@id":"https:\/\/polifoam.com\/hu\/minoseg\/","url":"https:\/\/polifoam.com\/hu\/minoseg\/","name":"Min\u0151s\u00e9g - Polifoam","isPartOf":{"@id":"https:\/\/polifoam.com\/hu\/#website"},"datePublished":"2013-12-04T21:07:03+00:00","dateModified":"2026-02-09T10:59:32+00:00","breadcrumb":{"@id":"https:\/\/polifoam.com\/hu\/minoseg\/#breadcrumb"},"inLanguage":"hu","potentialAction":[{"@type":"ReadAction","target":["https:\/\/polifoam.com\/hu\/minoseg\/"]}]},{"@type":"BreadcrumbList","@id":"https:\/\/polifoam.com\/hu\/minoseg\/#breadcrumb","itemListElement":[{"@type":"ListItem","position":1,"name":"F\u0151oldal","item":"https:\/\/polifoam.com\/hu\/homepage-3\/"},{"@type":"ListItem","position":2,"name":"Min\u0151s\u00e9g"}]},{"@type":"WebSite","@id":"https:\/\/polifoam.com\/hu\/#website","url":"https:\/\/polifoam.com\/hu\/","name":"Polifoam","description":"","potentialAction":[{"@type":"SearchAction","target":{"@type":"EntryPoint","urlTemplate":"https:\/\/polifoam.com\/hu\/?s={search_term_string}"},"query-input":{"@type":"PropertyValueSpecification","valueRequired":true,"valueName":"search_term_string"}}],"inLanguage":"hu"}]}},"_links":{"self":[{"href":"https:\/\/polifoam.com\/hu\/wp-json\/wp\/v2\/pages\/12188","targetHints":{"allow":["GET"]}}],"collection":[{"href":"https:\/\/polifoam.com\/hu\/wp-json\/wp\/v2\/pages"}],"about":[{"href":"https:\/\/polifoam.com\/hu\/wp-json\/wp\/v2\/types\/page"}],"author":[{"embeddable":true,"href":"https:\/\/polifoam.com\/hu\/wp-json\/wp\/v2\/users\/1"}],"replies":[{"embeddable":true,"href":"https:\/\/polifoam.com\/hu\/wp-json\/wp\/v2\/comments?post=12188"}],"version-history":[{"count":15,"href":"https:\/\/polifoam.com\/hu\/wp-json\/wp\/v2\/pages\/12188\/revisions"}],"predecessor-version":[{"id":12868,"href":"https:\/\/polifoam.com\/hu\/wp-json\/wp\/v2\/pages\/12188\/revisions\/12868"}],"wp:attachment":[{"href":"https:\/\/polifoam.com\/hu\/wp-json\/wp\/v2\/media?parent=12188"}],"curies":[{"name":"wp","href":"https:\/\/api.w.org\/{rel}","templated":true}]}}