{"id":12190,"date":"2023-10-09T09:49:27","date_gmt":"2023-10-09T07:49:27","guid":{"rendered":"https:\/\/polifoam2023.usernet.hu\/career\/"},"modified":"2023-11-30T14:49:36","modified_gmt":"2023-11-30T13:49:36","slug":"karrier","status":"publish","type":"page","link":"https:\/\/polifoam.com\/hu\/karrier\/","title":{"rendered":"Karrier"},"content":{"rendered":"\n<p>Elk\u00f6telezetten \u00e9s szenved\u00e9lyesen<br>tesz\u00fcnk a j\u00f6v\u0151<br>k\u00e9nyelm\u00e9\u00e9rt \u00e9s biztons\u00e1g\u00e1\u00e9rt<\/p>\n","protected":false},"excerpt":{"rendered":"<p>Elk\u00f6telezetten \u00e9s szenved\u00e9lyesentesz\u00fcnk a j\u00f6v\u0151k\u00e9nyelm\u00e9\u00e9rt \u00e9s biztons\u00e1g\u00e1\u00e9rt<\/p>\n","protected":false},"author":1,"featured_media":0,"parent":0,"menu_order":600,"comment_status":"closed","ping_status":"closed","template":"templates\/career.php","meta":{"_acf_changed":false,"footnotes":""},"class_list":["post-12190","page","type-page","status-publish","hentry"],"acf":[],"yoast_head":"<!-- This site is optimized with the Yoast SEO plugin v26.8 - https:\/\/yoast.com\/product\/yoast-seo-wordpress\/ -->\n<title>Karrier - Polifoam<\/title>\n<meta name=\"robots\" content=\"index, follow, max-snippet:-1, max-image-preview:large, max-video-preview:-1\" \/>\n<link rel=\"canonical\" href=\"https:\/\/polifoam.com\/hu\/karrier\/\" \/>\n<meta property=\"og:locale\" content=\"hu_HU\" \/>\n<meta property=\"og:type\" content=\"article\" \/>\n<meta property=\"og:title\" content=\"Karrier - Polifoam\" \/>\n<meta property=\"og:description\" content=\"Elk\u00f6telezetten \u00e9s szenved\u00e9lyesentesz\u00fcnk a j\u00f6v\u0151k\u00e9nyelm\u00e9\u00e9rt \u00e9s biztons\u00e1g\u00e1\u00e9rt\" \/>\n<meta property=\"og:url\" content=\"https:\/\/polifoam.com\/hu\/karrier\/\" \/>\n<meta property=\"og:site_name\" content=\"Polifoam\" \/>\n<meta property=\"article:modified_time\" content=\"2023-11-30T13:49:36+00:00\" \/>\n<meta name=\"twitter:card\" content=\"summary_large_image\" \/>\n<meta name=\"twitter:label1\" content=\"Becs\u00fclt olvas\u00e1si id\u0151\" \/>\n\t<meta name=\"twitter:data1\" content=\"1 perc\" \/>\n<script type=\"application\/ld+json\" class=\"yoast-schema-graph\">{\"@context\":\"https:\/\/schema.org\",\"@graph\":[{\"@type\":\"WebPage\",\"@id\":\"https:\/\/polifoam.com\/hu\/karrier\/\",\"url\":\"https:\/\/polifoam.com\/hu\/karrier\/\",\"name\":\"Karrier - Polifoam\",\"isPartOf\":{\"@id\":\"https:\/\/polifoam.com\/hu\/#website\"},\"datePublished\":\"2023-10-09T07:49:27+00:00\",\"dateModified\":\"2023-11-30T13:49:36+00:00\",\"breadcrumb\":{\"@id\":\"https:\/\/polifoam.com\/hu\/karrier\/#breadcrumb\"},\"inLanguage\":\"hu\",\"potentialAction\":[{\"@type\":\"ReadAction\",\"target\":[\"https:\/\/polifoam.com\/hu\/karrier\/\"]}]},{\"@type\":\"BreadcrumbList\",\"@id\":\"https:\/\/polifoam.com\/hu\/karrier\/#breadcrumb\",\"itemListElement\":[{\"@type\":\"ListItem\",\"position\":1,\"name\":\"F\u0151oldal\",\"item\":\"https:\/\/polifoam.com\/hu\/homepage-3\/\"},{\"@type\":\"ListItem\",\"position\":2,\"name\":\"Karrier\"}]},{\"@type\":\"WebSite\",\"@id\":\"https:\/\/polifoam.com\/hu\/#website\",\"url\":\"https:\/\/polifoam.com\/hu\/\",\"name\":\"Polifoam\",\"description\":\"\",\"potentialAction\":[{\"@type\":\"SearchAction\",\"target\":{\"@type\":\"EntryPoint\",\"urlTemplate\":\"https:\/\/polifoam.com\/hu\/?s={search_term_string}\"},\"query-input\":{\"@type\":\"PropertyValueSpecification\",\"valueRequired\":true,\"valueName\":\"search_term_string\"}}],\"inLanguage\":\"hu\"}]}<\/script>\n<!-- \/ Yoast SEO plugin. -->","yoast_head_json":{"title":"Karrier - Polifoam","robots":{"index":"index","follow":"follow","max-snippet":"max-snippet:-1","max-image-preview":"max-image-preview:large","max-video-preview":"max-video-preview:-1"},"canonical":"https:\/\/polifoam.com\/hu\/karrier\/","og_locale":"hu_HU","og_type":"article","og_title":"Karrier - Polifoam","og_description":"Elk\u00f6telezetten \u00e9s szenved\u00e9lyesentesz\u00fcnk a j\u00f6v\u0151k\u00e9nyelm\u00e9\u00e9rt \u00e9s biztons\u00e1g\u00e1\u00e9rt","og_url":"https:\/\/polifoam.com\/hu\/karrier\/","og_site_name":"Polifoam","article_modified_time":"2023-11-30T13:49:36+00:00","twitter_card":"summary_large_image","twitter_misc":{"Becs\u00fclt olvas\u00e1si id\u0151":"1 perc"},"schema":{"@context":"https:\/\/schema.org","@graph":[{"@type":"WebPage","@id":"https:\/\/polifoam.com\/hu\/karrier\/","url":"https:\/\/polifoam.com\/hu\/karrier\/","name":"Karrier - Polifoam","isPartOf":{"@id":"https:\/\/polifoam.com\/hu\/#website"},"datePublished":"2023-10-09T07:49:27+00:00","dateModified":"2023-11-30T13:49:36+00:00","breadcrumb":{"@id":"https:\/\/polifoam.com\/hu\/karrier\/#breadcrumb"},"inLanguage":"hu","potentialAction":[{"@type":"ReadAction","target":["https:\/\/polifoam.com\/hu\/karrier\/"]}]},{"@type":"BreadcrumbList","@id":"https:\/\/polifoam.com\/hu\/karrier\/#breadcrumb","itemListElement":[{"@type":"ListItem","position":1,"name":"F\u0151oldal","item":"https:\/\/polifoam.com\/hu\/homepage-3\/"},{"@type":"ListItem","position":2,"name":"Karrier"}]},{"@type":"WebSite","@id":"https:\/\/polifoam.com\/hu\/#website","url":"https:\/\/polifoam.com\/hu\/","name":"Polifoam","description":"","potentialAction":[{"@type":"SearchAction","target":{"@type":"EntryPoint","urlTemplate":"https:\/\/polifoam.com\/hu\/?s={search_term_string}"},"query-input":{"@type":"PropertyValueSpecification","valueRequired":true,"valueName":"search_term_string"}}],"inLanguage":"hu"}]}},"_links":{"self":[{"href":"https:\/\/polifoam.com\/hu\/wp-json\/wp\/v2\/pages\/12190","targetHints":{"allow":["GET"]}}],"collection":[{"href":"https:\/\/polifoam.com\/hu\/wp-json\/wp\/v2\/pages"}],"about":[{"href":"https:\/\/polifoam.com\/hu\/wp-json\/wp\/v2\/types\/page"}],"author":[{"embeddable":true,"href":"https:\/\/polifoam.com\/hu\/wp-json\/wp\/v2\/users\/1"}],"replies":[{"embeddable":true,"href":"https:\/\/polifoam.com\/hu\/wp-json\/wp\/v2\/comments?post=12190"}],"version-history":[{"count":9,"href":"https:\/\/polifoam.com\/hu\/wp-json\/wp\/v2\/pages\/12190\/revisions"}],"predecessor-version":[{"id":12469,"href":"https:\/\/polifoam.com\/hu\/wp-json\/wp\/v2\/pages\/12190\/revisions\/12469"}],"wp:attachment":[{"href":"https:\/\/polifoam.com\/hu\/wp-json\/wp\/v2\/media?parent=12190"}],"curies":[{"name":"wp","href":"https:\/\/api.w.org\/{rel}","templated":true}]}}