{"id":12192,"date":"2013-11-19T11:04:10","date_gmt":"2013-11-19T10:04:10","guid":{"rendered":"https:\/\/polifoam2023.usernet.hu\/contact\/"},"modified":"2025-09-09T10:56:46","modified_gmt":"2025-09-09T08:56:46","slug":"kapcsolat","status":"publish","type":"page","link":"https:\/\/polifoam.com\/hu\/kapcsolat\/","title":{"rendered":"Kapcsolat"},"content":{"rendered":"\n<h3 class=\"wp-block-heading\">\u00cdrjon nek\u00fcnk<\/h3>\n\n\n\n<p><strong>Polifoam<\/strong><\/p>\n\n\n\n<p>T\u00e1bl\u00e1s u. 34\/A. <br>1097 Budapest <br>Magyarorsz\u00e1g<br><br>Email: <a href=\"mailto:polifoaminfo@trocellen.com\">polifoaminfo@trocellen.com<\/a><br>Fax: +36 1 280-6708<\/p>\n\n\n\n<p><strong>Mintabolt:<\/strong><\/p>\n\n\n\n<p>Soroks\u00e1ri \u00fat 110.<\/p>\n\n\n\n<p>1095 Budapest<br>Magyarorsz\u00e1g<br><br>Email:&nbsp;<a href=\"mailto:mintabolt@trocellen.com\">mintabolt@trocellen.com<\/a><br>Telefon:&nbsp;<a href=\"tel:+3612806554\">+36 1 280 6554<\/a><br>Fax: +36 1 280-6708<\/p>\n\n\n\n<p><strong>Management<\/strong>:<\/p>\n\n\n\n<p>Kereskedelmi igazgat\u00f3, Sport \u00e9s Ipari alkalmaz\u00e1sok \u00fczlet\u00e1gvezet\u0151 &#8211; <br>Farkas Istv\u00e1n Attila<br>attila.farkas@trocellen.com<\/p>\n\n\n\n<p>\u00c9rt\u00e9kes\u00edt\u0151 &#8211; Rajka Istv\u00e1n<br>irajka@trocellen.com<\/p>\n\n\n\n<p>\u00c9rt\u00e9kes\u00edt\u0151 &#8211; Karajz Attila<br>akarajz@trocellen.com<\/p>\n\n\n\n<p>\u00c9rt\u00e9kes\u00edt\u0151 &#8211; Vislavski Slavko<br>svislavski@trocellen.com<\/p>\n\n\n\n<p>\u00c9rt\u00e9kes\u00edt\u0151 \/ Kiss Lilija<br>LKiss@trocellen.com<\/p>\n\n\n\n<p>Jogi k\u00e9pvisel\u0151 &#8211; Dr. Sim\u00e1nyi Zsolt<br>zsolt.simanyi@snlegal.hu<\/p>\n","protected":false},"excerpt":{"rendered":"<p>\u00cdrjon nek\u00fcnk Polifoam T\u00e1bl\u00e1s u. 34\/A. 1097 Budapest Magyarorsz\u00e1g Email: polifoaminfo@trocellen.comFax: +36 1 280-6708 Mintabolt: Soroks\u00e1ri \u00fat 110. 1095 BudapestMagyarorsz\u00e1g Email:&nbsp;mintabolt@trocellen.comTelefon:&nbsp;+36 1 280 6554Fax: +36 1 280-6708 Management: Kereskedelmi igazgat\u00f3, Sport \u00e9s Ipari alkalmaz\u00e1sok \u00fczlet\u00e1gvezet\u0151 &#8211; Farkas Istv\u00e1n Attilaattila.farkas@trocellen.com \u00c9rt\u00e9kes\u00edt\u0151 &#8211; Rajka Istv\u00e1nirajka@trocellen.com \u00c9rt\u00e9kes\u00edt\u0151 &#8211; Karajz Attilaakarajz@trocellen.com \u00c9rt\u00e9kes\u00edt\u0151 &#8211; Vislavski Slavkosvislavski@trocellen.com \u00c9rt\u00e9kes\u00edt\u0151 \/ Kiss LilijaLKiss@trocellen.com [&hellip;]<\/p>\n","protected":false},"author":1,"featured_media":0,"parent":0,"menu_order":700,"comment_status":"open","ping_status":"closed","template":"templates\/contact.php","meta":{"_acf_changed":false,"footnotes":""},"class_list":["post-12192","page","type-page","status-publish","hentry"],"acf":[],"yoast_head":"<!-- This site is optimized with the Yoast SEO plugin v26.8 - https:\/\/yoast.com\/product\/yoast-seo-wordpress\/ -->\n<title>Kapcsolat - Polifoam<\/title>\n<meta name=\"robots\" content=\"index, follow, max-snippet:-1, max-image-preview:large, max-video-preview:-1\" \/>\n<link rel=\"canonical\" href=\"https:\/\/polifoam.com\/hu\/kapcsolat\/\" \/>\n<meta property=\"og:locale\" content=\"hu_HU\" \/>\n<meta property=\"og:type\" content=\"article\" \/>\n<meta property=\"og:title\" content=\"Kapcsolat - Polifoam\" \/>\n<meta property=\"og:description\" content=\"\u00cdrjon nek\u00fcnk Polifoam T\u00e1bl\u00e1s u. 34\/A. 1097 Budapest Magyarorsz\u00e1g Email: polifoaminfo@trocellen.comFax: +36 1 280-6708 Mintabolt: Soroks\u00e1ri \u00fat 110. 1095 BudapestMagyarorsz\u00e1g Email:&nbsp;mintabolt@trocellen.comTelefon:&nbsp;+36 1 280 6554Fax: +36 1 280-6708 Management: Kereskedelmi igazgat\u00f3, Sport \u00e9s Ipari alkalmaz\u00e1sok \u00fczlet\u00e1gvezet\u0151 &#8211; Farkas Istv\u00e1n Attilaattila.farkas@trocellen.com \u00c9rt\u00e9kes\u00edt\u0151 &#8211; Rajka Istv\u00e1nirajka@trocellen.com \u00c9rt\u00e9kes\u00edt\u0151 &#8211; Karajz Attilaakarajz@trocellen.com \u00c9rt\u00e9kes\u00edt\u0151 &#8211; Vislavski Slavkosvislavski@trocellen.com \u00c9rt\u00e9kes\u00edt\u0151 \/ Kiss LilijaLKiss@trocellen.com [&hellip;]\" \/>\n<meta property=\"og:url\" content=\"https:\/\/polifoam.com\/hu\/kapcsolat\/\" \/>\n<meta property=\"og:site_name\" content=\"Polifoam\" \/>\n<meta property=\"article:modified_time\" content=\"2025-09-09T08:56:46+00:00\" \/>\n<meta name=\"twitter:card\" content=\"summary_large_image\" \/>\n<meta name=\"twitter:label1\" content=\"Becs\u00fclt olvas\u00e1si id\u0151\" \/>\n\t<meta name=\"twitter:data1\" content=\"1 perc\" \/>\n<script type=\"application\/ld+json\" class=\"yoast-schema-graph\">{\"@context\":\"https:\/\/schema.org\",\"@graph\":[{\"@type\":\"WebPage\",\"@id\":\"https:\/\/polifoam.com\/hu\/kapcsolat\/\",\"url\":\"https:\/\/polifoam.com\/hu\/kapcsolat\/\",\"name\":\"Kapcsolat - Polifoam\",\"isPartOf\":{\"@id\":\"https:\/\/polifoam.com\/hu\/#website\"},\"datePublished\":\"2013-11-19T10:04:10+00:00\",\"dateModified\":\"2025-09-09T08:56:46+00:00\",\"breadcrumb\":{\"@id\":\"https:\/\/polifoam.com\/hu\/kapcsolat\/#breadcrumb\"},\"inLanguage\":\"hu\",\"potentialAction\":[{\"@type\":\"ReadAction\",\"target\":[\"https:\/\/polifoam.com\/hu\/kapcsolat\/\"]}]},{\"@type\":\"BreadcrumbList\",\"@id\":\"https:\/\/polifoam.com\/hu\/kapcsolat\/#breadcrumb\",\"itemListElement\":[{\"@type\":\"ListItem\",\"position\":1,\"name\":\"F\u0151oldal\",\"item\":\"https:\/\/polifoam.com\/hu\/homepage-3\/\"},{\"@type\":\"ListItem\",\"position\":2,\"name\":\"Kapcsolat\"}]},{\"@type\":\"WebSite\",\"@id\":\"https:\/\/polifoam.com\/hu\/#website\",\"url\":\"https:\/\/polifoam.com\/hu\/\",\"name\":\"Polifoam\",\"description\":\"\",\"potentialAction\":[{\"@type\":\"SearchAction\",\"target\":{\"@type\":\"EntryPoint\",\"urlTemplate\":\"https:\/\/polifoam.com\/hu\/?s={search_term_string}\"},\"query-input\":{\"@type\":\"PropertyValueSpecification\",\"valueRequired\":true,\"valueName\":\"search_term_string\"}}],\"inLanguage\":\"hu\"}]}<\/script>\n<!-- \/ Yoast SEO plugin. -->","yoast_head_json":{"title":"Kapcsolat - Polifoam","robots":{"index":"index","follow":"follow","max-snippet":"max-snippet:-1","max-image-preview":"max-image-preview:large","max-video-preview":"max-video-preview:-1"},"canonical":"https:\/\/polifoam.com\/hu\/kapcsolat\/","og_locale":"hu_HU","og_type":"article","og_title":"Kapcsolat - Polifoam","og_description":"\u00cdrjon nek\u00fcnk Polifoam T\u00e1bl\u00e1s u. 34\/A. 1097 Budapest Magyarorsz\u00e1g Email: polifoaminfo@trocellen.comFax: +36 1 280-6708 Mintabolt: Soroks\u00e1ri \u00fat 110. 1095 BudapestMagyarorsz\u00e1g Email:&nbsp;mintabolt@trocellen.comTelefon:&nbsp;+36 1 280 6554Fax: +36 1 280-6708 Management: Kereskedelmi igazgat\u00f3, Sport \u00e9s Ipari alkalmaz\u00e1sok \u00fczlet\u00e1gvezet\u0151 &#8211; Farkas Istv\u00e1n Attilaattila.farkas@trocellen.com \u00c9rt\u00e9kes\u00edt\u0151 &#8211; Rajka Istv\u00e1nirajka@trocellen.com \u00c9rt\u00e9kes\u00edt\u0151 &#8211; Karajz Attilaakarajz@trocellen.com \u00c9rt\u00e9kes\u00edt\u0151 &#8211; Vislavski Slavkosvislavski@trocellen.com \u00c9rt\u00e9kes\u00edt\u0151 \/ Kiss LilijaLKiss@trocellen.com [&hellip;]","og_url":"https:\/\/polifoam.com\/hu\/kapcsolat\/","og_site_name":"Polifoam","article_modified_time":"2025-09-09T08:56:46+00:00","twitter_card":"summary_large_image","twitter_misc":{"Becs\u00fclt olvas\u00e1si id\u0151":"1 perc"},"schema":{"@context":"https:\/\/schema.org","@graph":[{"@type":"WebPage","@id":"https:\/\/polifoam.com\/hu\/kapcsolat\/","url":"https:\/\/polifoam.com\/hu\/kapcsolat\/","name":"Kapcsolat - Polifoam","isPartOf":{"@id":"https:\/\/polifoam.com\/hu\/#website"},"datePublished":"2013-11-19T10:04:10+00:00","dateModified":"2025-09-09T08:56:46+00:00","breadcrumb":{"@id":"https:\/\/polifoam.com\/hu\/kapcsolat\/#breadcrumb"},"inLanguage":"hu","potentialAction":[{"@type":"ReadAction","target":["https:\/\/polifoam.com\/hu\/kapcsolat\/"]}]},{"@type":"BreadcrumbList","@id":"https:\/\/polifoam.com\/hu\/kapcsolat\/#breadcrumb","itemListElement":[{"@type":"ListItem","position":1,"name":"F\u0151oldal","item":"https:\/\/polifoam.com\/hu\/homepage-3\/"},{"@type":"ListItem","position":2,"name":"Kapcsolat"}]},{"@type":"WebSite","@id":"https:\/\/polifoam.com\/hu\/#website","url":"https:\/\/polifoam.com\/hu\/","name":"Polifoam","description":"","potentialAction":[{"@type":"SearchAction","target":{"@type":"EntryPoint","urlTemplate":"https:\/\/polifoam.com\/hu\/?s={search_term_string}"},"query-input":{"@type":"PropertyValueSpecification","valueRequired":true,"valueName":"search_term_string"}}],"inLanguage":"hu"}]}},"_links":{"self":[{"href":"https:\/\/polifoam.com\/hu\/wp-json\/wp\/v2\/pages\/12192","targetHints":{"allow":["GET"]}}],"collection":[{"href":"https:\/\/polifoam.com\/hu\/wp-json\/wp\/v2\/pages"}],"about":[{"href":"https:\/\/polifoam.com\/hu\/wp-json\/wp\/v2\/types\/page"}],"author":[{"embeddable":true,"href":"https:\/\/polifoam.com\/hu\/wp-json\/wp\/v2\/users\/1"}],"replies":[{"embeddable":true,"href":"https:\/\/polifoam.com\/hu\/wp-json\/wp\/v2\/comments?post=12192"}],"version-history":[{"count":10,"href":"https:\/\/polifoam.com\/hu\/wp-json\/wp\/v2\/pages\/12192\/revisions"}],"predecessor-version":[{"id":12857,"href":"https:\/\/polifoam.com\/hu\/wp-json\/wp\/v2\/pages\/12192\/revisions\/12857"}],"wp:attachment":[{"href":"https:\/\/polifoam.com\/hu\/wp-json\/wp\/v2\/media?parent=12192"}],"curies":[{"name":"wp","href":"https:\/\/api.w.org\/{rel}","templated":true}]}}