{"id":4420,"date":"2013-12-16T20:05:14","date_gmt":"2013-12-16T19:05:14","guid":{"rendered":"http:\/\/trocellen2022b.usernet.hu\/oldalterkep\/"},"modified":"2023-11-29T13:03:38","modified_gmt":"2023-11-29T12:03:38","slug":"oldalterkep","status":"publish","type":"page","link":"https:\/\/polifoam.com\/hu\/oldalterkep\/","title":{"rendered":"Oldalt\u00e9rk\u00e9p"},"content":{"rendered":"<div class=\"menu-footer-menu-en-container\"><ul id=\"menu-footer-menu-en\" class=\"menu\"><li id=\"menu-item-11143\" class=\"menu-item menu-item-type-custom menu-item-object-custom menu-item-11143\"><a href=\"\/\">Home<\/a><\/li>\n<li id=\"menu-item-12062\" class=\"menu-item menu-item-type-post_type menu-item-object-page menu-item-12062\"><a href=\"https:\/\/polifoam.com\/sitemap\/\">Sitemap<\/a><\/li>\n<li id=\"menu-item-12063\" class=\"menu-item menu-item-type-custom menu-item-object-custom menu-item-12063\"><a target=\"_blank\" href=\"https:\/\/trocellen.com\/terms-of-use\/\">Terms of use<\/a><\/li>\n<li id=\"menu-item-12064\" class=\"menu-item menu-item-type-custom menu-item-object-custom menu-item-12064\"><a target=\"_blank\" href=\"https:\/\/trocellen.com\/privacy-statement\/\">Privacy statement<\/a><\/li>\n<li id=\"menu-item-12065\" class=\"menu-item menu-item-type-custom menu-item-object-custom menu-item-12065\"><a target=\"_blank\" href=\"https:\/\/trocellen.com\/base-specifications\/\">Base specifications<\/a><\/li>\n<li id=\"menu-item-12066\" class=\"menu-item menu-item-type-custom menu-item-object-custom menu-item-12066\"><a target=\"_blank\" href=\"https:\/\/trocellen.com\/imprint\/\">Imprint<\/a><\/li>\n<li id=\"menu-item-12067\" class=\"menu-item menu-item-type-custom menu-item-object-custom menu-item-12067\"><a target=\"_blank\" href=\"https:\/\/trocellen.com\/cookie-policy\/\">Cookie policy<\/a><\/li>\n<\/ul><\/div>\n","protected":false},"excerpt":{"rendered":"","protected":false},"author":1,"featured_media":5862,"parent":0,"menu_order":1000,"comment_status":"open","ping_status":"closed","template":"","meta":{"_acf_changed":false,"footnotes":""},"class_list":["post-4420","page","type-page","status-publish","has-post-thumbnail","hentry"],"acf":[],"yoast_head":"<!-- This site is optimized with the Yoast SEO plugin v26.8 - https:\/\/yoast.com\/product\/yoast-seo-wordpress\/ -->\n<title>Trocellen oldalt\u00e9rk\u00e9p<\/title>\n<meta name=\"description\" content=\"Trocellen oldalt\u00e9rk\u00e9p\" \/>\n<meta name=\"robots\" content=\"index, follow, max-snippet:-1, max-image-preview:large, max-video-preview:-1\" \/>\n<link rel=\"canonical\" href=\"https:\/\/polifoam.com\/hu\/oldalterkep\/\" \/>\n<meta property=\"og:locale\" content=\"hu_HU\" \/>\n<meta property=\"og:type\" content=\"article\" \/>\n<meta property=\"og:title\" content=\"Trocellen oldalt\u00e9rk\u00e9p\" \/>\n<meta property=\"og:description\" content=\"Trocellen oldalt\u00e9rk\u00e9p\" \/>\n<meta property=\"og:url\" content=\"https:\/\/polifoam.com\/hu\/oldalterkep\/\" \/>\n<meta property=\"og:site_name\" content=\"Polifoam\" \/>\n<meta property=\"article:modified_time\" content=\"2023-11-29T12:03:38+00:00\" \/>\n<meta name=\"twitter:card\" content=\"summary_large_image\" \/>\n<meta name=\"twitter:label1\" content=\"Becs\u00fclt olvas\u00e1si id\u0151\" \/>\n\t<meta name=\"twitter:data1\" content=\"1 perc\" \/>\n<script type=\"application\/ld+json\" class=\"yoast-schema-graph\">{\"@context\":\"https:\/\/schema.org\",\"@graph\":[{\"@type\":\"WebPage\",\"@id\":\"https:\/\/polifoam.com\/hu\/oldalterkep\/\",\"url\":\"https:\/\/polifoam.com\/hu\/oldalterkep\/\",\"name\":\"Trocellen oldalt\u00e9rk\u00e9p\",\"isPartOf\":{\"@id\":\"https:\/\/polifoam.com\/hu\/#website\"},\"primaryImageOfPage\":{\"@id\":\"https:\/\/polifoam.com\/hu\/oldalterkep\/#primaryimage\"},\"image\":{\"@id\":\"https:\/\/polifoam.com\/hu\/oldalterkep\/#primaryimage\"},\"thumbnailUrl\":\"\",\"datePublished\":\"2013-12-16T19:05:14+00:00\",\"dateModified\":\"2023-11-29T12:03:38+00:00\",\"description\":\"Trocellen oldalt\u00e9rk\u00e9p\",\"breadcrumb\":{\"@id\":\"https:\/\/polifoam.com\/hu\/oldalterkep\/#breadcrumb\"},\"inLanguage\":\"hu\",\"potentialAction\":[{\"@type\":\"ReadAction\",\"target\":[\"https:\/\/polifoam.com\/hu\/oldalterkep\/\"]}]},{\"@type\":\"ImageObject\",\"inLanguage\":\"hu\",\"@id\":\"https:\/\/polifoam.com\/hu\/oldalterkep\/#primaryimage\",\"url\":\"\",\"contentUrl\":\"\"},{\"@type\":\"BreadcrumbList\",\"@id\":\"https:\/\/polifoam.com\/hu\/oldalterkep\/#breadcrumb\",\"itemListElement\":[{\"@type\":\"ListItem\",\"position\":1,\"name\":\"F\u0151oldal\",\"item\":\"https:\/\/polifoam.com\/hu\/homepage-3\/\"},{\"@type\":\"ListItem\",\"position\":2,\"name\":\"Oldalt\u00e9rk\u00e9p\"}]},{\"@type\":\"WebSite\",\"@id\":\"https:\/\/polifoam.com\/hu\/#website\",\"url\":\"https:\/\/polifoam.com\/hu\/\",\"name\":\"Polifoam\",\"description\":\"\",\"potentialAction\":[{\"@type\":\"SearchAction\",\"target\":{\"@type\":\"EntryPoint\",\"urlTemplate\":\"https:\/\/polifoam.com\/hu\/?s={search_term_string}\"},\"query-input\":{\"@type\":\"PropertyValueSpecification\",\"valueRequired\":true,\"valueName\":\"search_term_string\"}}],\"inLanguage\":\"hu\"}]}<\/script>\n<!-- \/ Yoast SEO plugin. -->","yoast_head_json":{"title":"Trocellen oldalt\u00e9rk\u00e9p","description":"Trocellen oldalt\u00e9rk\u00e9p","robots":{"index":"index","follow":"follow","max-snippet":"max-snippet:-1","max-image-preview":"max-image-preview:large","max-video-preview":"max-video-preview:-1"},"canonical":"https:\/\/polifoam.com\/hu\/oldalterkep\/","og_locale":"hu_HU","og_type":"article","og_title":"Trocellen oldalt\u00e9rk\u00e9p","og_description":"Trocellen oldalt\u00e9rk\u00e9p","og_url":"https:\/\/polifoam.com\/hu\/oldalterkep\/","og_site_name":"Polifoam","article_modified_time":"2023-11-29T12:03:38+00:00","twitter_card":"summary_large_image","twitter_misc":{"Becs\u00fclt olvas\u00e1si id\u0151":"1 perc"},"schema":{"@context":"https:\/\/schema.org","@graph":[{"@type":"WebPage","@id":"https:\/\/polifoam.com\/hu\/oldalterkep\/","url":"https:\/\/polifoam.com\/hu\/oldalterkep\/","name":"Trocellen oldalt\u00e9rk\u00e9p","isPartOf":{"@id":"https:\/\/polifoam.com\/hu\/#website"},"primaryImageOfPage":{"@id":"https:\/\/polifoam.com\/hu\/oldalterkep\/#primaryimage"},"image":{"@id":"https:\/\/polifoam.com\/hu\/oldalterkep\/#primaryimage"},"thumbnailUrl":"","datePublished":"2013-12-16T19:05:14+00:00","dateModified":"2023-11-29T12:03:38+00:00","description":"Trocellen oldalt\u00e9rk\u00e9p","breadcrumb":{"@id":"https:\/\/polifoam.com\/hu\/oldalterkep\/#breadcrumb"},"inLanguage":"hu","potentialAction":[{"@type":"ReadAction","target":["https:\/\/polifoam.com\/hu\/oldalterkep\/"]}]},{"@type":"ImageObject","inLanguage":"hu","@id":"https:\/\/polifoam.com\/hu\/oldalterkep\/#primaryimage","url":"","contentUrl":""},{"@type":"BreadcrumbList","@id":"https:\/\/polifoam.com\/hu\/oldalterkep\/#breadcrumb","itemListElement":[{"@type":"ListItem","position":1,"name":"F\u0151oldal","item":"https:\/\/polifoam.com\/hu\/homepage-3\/"},{"@type":"ListItem","position":2,"name":"Oldalt\u00e9rk\u00e9p"}]},{"@type":"WebSite","@id":"https:\/\/polifoam.com\/hu\/#website","url":"https:\/\/polifoam.com\/hu\/","name":"Polifoam","description":"","potentialAction":[{"@type":"SearchAction","target":{"@type":"EntryPoint","urlTemplate":"https:\/\/polifoam.com\/hu\/?s={search_term_string}"},"query-input":{"@type":"PropertyValueSpecification","valueRequired":true,"valueName":"search_term_string"}}],"inLanguage":"hu"}]}},"_links":{"self":[{"href":"https:\/\/polifoam.com\/hu\/wp-json\/wp\/v2\/pages\/4420","targetHints":{"allow":["GET"]}}],"collection":[{"href":"https:\/\/polifoam.com\/hu\/wp-json\/wp\/v2\/pages"}],"about":[{"href":"https:\/\/polifoam.com\/hu\/wp-json\/wp\/v2\/types\/page"}],"author":[{"embeddable":true,"href":"https:\/\/polifoam.com\/hu\/wp-json\/wp\/v2\/users\/1"}],"replies":[{"embeddable":true,"href":"https:\/\/polifoam.com\/hu\/wp-json\/wp\/v2\/comments?post=4420"}],"version-history":[{"count":1,"href":"https:\/\/polifoam.com\/hu\/wp-json\/wp\/v2\/pages\/4420\/revisions"}],"predecessor-version":[{"id":12160,"href":"https:\/\/polifoam.com\/hu\/wp-json\/wp\/v2\/pages\/4420\/revisions\/12160"}],"wp:featuredmedia":[{"embeddable":true,"href":"https:\/\/polifoam.com\/hu\/wp-json\/"}],"wp:attachment":[{"href":"https:\/\/polifoam.com\/hu\/wp-json\/wp\/v2\/media?parent=4420"}],"curies":[{"name":"wp","href":"https:\/\/api.w.org\/{rel}","templated":true}]}}